{"id":9570,"date":"2020-04-30T11:51:31","date_gmt":"2020-04-30T10:51:31","guid":{"rendered":"https:\/\/awards.dinacon.ch\/kontakt\/awards-passee\/ch-open-source-awards-2016\/"},"modified":"2020-04-30T11:51:31","modified_gmt":"2020-04-30T10:51:31","slug":"ch-open-source-awards-2016","status":"publish","type":"page","link":"https:\/\/awards.dinacon.ch\/fr\/kontakt\/awards-passee\/ch-open-source-awards-2016\/","title":{"rendered":"CH Open Source Awards 2016"},"content":{"rendered":"\n<h2 class=\"wp-block-heading\">Gewinner CH Open Source Awards 2016<\/h2>\n\n\n\n<p>26. Oktober 2016<\/p>\n\n\n\n<p><strong>Die W\u00fcrfel sind gefallen: Aus den zahlreichen nominierten Projekten sind sechs mit dem CH Open Source Award 2016 ausgezeichnet worden. Die Gewinner sind die Open Source CRM-L\u00f6sung<br>SuiteCRM, die Post CH AG f\u00fcr ihre MariaDB-Migration, Florian Bruhin mit qutebrowser, Ren\u00e9 Moser mit Ansible CloudStack, das opendata.swiss Portal und das data.sbb.ch Portal.<\/strong><\/p>\n\n\n\n<p>Die&nbsp;<a href=\"http:\/\/www.ossawards.ch\/\" target=\"_blank\" rel=\"noreferrer noopener\">CH Open Source Awards<\/a>&nbsp;zeichnen Unternehmen, \u00f6ffentliche Stellen, Open Source Communities und Einzelpersonen aus, die sich durch Entwicklung oder Nutzung von Open Source Software und neu auch Open Data auf vielf\u00e4ltige Art und Weise innovativ und mutig verhalten haben. Die CH Open Source Awards 2016 wurden am Mittwoch, 26. Oktober 2016 in Bern im Rahmen des Open Source Business Forums in Bern verliehen. Organisiert wurde die Veranstaltung durch den Open Source F\u00f6rderverein CH Open und die Forschungsstelle Digitale Nachhaltigkeit der Universit\u00e4t Bern. Die Sponsoren Adfinis SyGroup, IBM, Liip, nine.ch, Puzzle ITC, Red Hat und SUSE erm\u00f6glichten die Preisverleihung und die kostenlose Teilnahme am Anlass.<\/p>\n\n\n\n<h3 class=\"wp-block-heading\">Zu den Gewinnern der CH Open Source Awards 2016<\/h3>\n\n\n\n<p>Der klassische Open Source Award geht an&nbsp;<a href=\"https:\/\/suitecrm.com\/\" target=\"_blank\" rel=\"noreferrer noopener\">SuiteCRM<\/a>, eine Software f\u00fcr Customer-Relationship-Management. Das Projekt entstand aus SugarCRM, welches ab Version 7 Closed Source wurde. Ein grosser Teil der Community wechselte darauf zu SuiteCRM und entwickelt das neue entstandene Produkt seitdem erfolgreich mit einer grossen Nutzer- und Entwickler-Community weiter. Als Open Source Software ist SuiteCRM die Ausnahme in einem sonst sehr kommerziell gepr\u00e4gten Umfeld mit Mitbewerbern wie Salesforce und Microsoft.<\/p>\n\n\n\n<p>Der Award f\u00fcr die Business-kritische Anwendung von Open Source Software geht an die Post CH AG f\u00fcr ihre&nbsp;<a href=\"http:\/\/www.ossdirectory.com\/oss-knowhow\/details\/kbarticle\/mariadb-migration-der-kassenapllikation-v-max\/\" target=\"_blank\" rel=\"noreferrer noopener\">erfolgreiche Migration von 6500 Point of Sales Stationen von Oracle Enterprise Server auf die Open Source Datenbank MariaDB<\/a>. Mit der Migration zeigte die Post eindr\u00fccklich auf, dass kritische Systeme nicht auf propriet\u00e4rer Software betrieben werden muss. Entsprechend hoch sind die langfristigen Kosteneinsparungen. Bereits nach drei Jahren wird der einmalige Migrationsaufwand kompensiert sein.<\/p>\n\n\n\n<p>Der Spezialpreis Champions in Open Source geht in diesem Jahr an zwei Personen:<\/p>\n\n\n\n<p><a href=\"https:\/\/qutebrowser.org\/\" target=\"_blank\" rel=\"noreferrer noopener\">Florian Bruhin<\/a>&nbsp;f\u00fcr qutebrowser, ein Keyboard-fokussierter Browser mit einem minimalen grafischen Interface. Florian zeigt, dass man bereits in jungen Jahren Einfluss haben kann in der Open Source Szene. Sein qutebrowser mag kein Produkt f\u00fcr die Masse sein, trotzdem scheint er damit einen Nerv getroffen zu haben. Er schaffte es in kurzer Zeit eine sehr beeindruckende und aktive Community an Entwickler und Benutzer an sich zu binden.<\/p>\n\n\n\n<p><a href=\"https:\/\/github.com\/resmo\" target=\"_blank\" rel=\"noreferrer noopener\">Ren\u00e9 Moser<\/a>&nbsp;f\u00fcr seine CloudStack Ansible Module und sein Engagement in der Community. Er ist seit vielen Jahren in der Open Source Welt verankert und engagiert sich dort in zahlreichen Bereichen. Als CloudStack und Ansible Commiter tr\u00e4gt Ren\u00e9 aktuell zu sehr aktiven und prominenten Projekten bei. Seine fast 1400 Commits auf GitHub alleine im letzten Jahr sprechen B\u00e4nde \u00fcber das Engagement von Ren\u00e9. Man trifft ihn auch an Anl\u00e4ssen der Linux User Group Bern LUGBE und an verschiedenen Meetups, wo er sein Wissen gerne teilt und dadurch die Open Source Community in der Schweiz aktiv mitgestaltet.<\/p>\n\n\n\n<p>Dieses Jahr wurden erstmals auch zwei Open Data Projekte mit dem CH Open Source Award pr\u00e4miert. Die Jury vergab die beiden Preise um die Verdienste f\u00fcr die Schweizer Open Data Bewegung zu w\u00fcrdigen und die Wichtigkeit der beiden Plattformen f\u00fcr die \u00d6ffentlichkeit zu unterstreichen:<\/p>\n\n\n\n<p>Der eine Preis geht an das Schweizerische Bundesarchiv und die Firma Liip AG f\u00fcr&nbsp;<a href=\"https:\/\/opendata.swiss\/\" target=\"_blank\" rel=\"noreferrer noopener\">opendata.swiss<\/a>, die Open Source Software basierte Schweizer Open Government Data (OGD) Plattform. Auf dieser Plattform k\u00f6nnen Schweizer Beh\u00f6rdendaten kostenlos heruntergeladen und weiterverwendet werden. Das Portal ist ein Gemeinschaftsprojekt von Bund, Kantonen, Gemeinden und weiteren Organisationen mit einem staatlichen Auftrag und leistet einen wichtigen Beitrag zur Wiederverwendung von Daten. Durch die Bereitstellung im Open Data Portal werden diese Daten \u00f6ffentlich zug\u00e4nglich und k\u00f6nnen sowohl f\u00fcr B\u00fcrger als auch f\u00fcr Firmen grossen Mehrwert erzeugen.<\/p>\n\n\n\n<p>Auch die SBB stellt seit kurzem unter&nbsp;<a href=\"http:\/\/data.sbb.ch\/\">data.sbb.ch<\/a>&nbsp;offene Daten zur Verf\u00fcgung. In diversen Hackathons wurden die Daten zudem aktiv beworben. Mit interessierten Nutzern sind daraus spannende neue Applikationen entstanden. Weitere Datenfreigaben werden noch in diesem Jahr erwartet.<\/p>\n\n\n\n<p><strong>Nominiert f\u00fcr die CH Open Source Awards 2016 wurden ausserdem<\/strong><\/p>\n\n\n\n<ul class=\"wp-block-list\"><li>Inventx for their Open Source Software based \u201e<a href=\"https:\/\/inventx.ch\/news\/online-identifikation-bei-raiffeisen-live-dank-inventx\/\" target=\"_blank\" rel=\"noreferrer noopener\">Digital Onboarding<\/a>\u201c software solution used by Raiffeisen.<\/li><li>Michael Stapelberg for his Open Source projects and contributions. Among others for the&nbsp;<a href=\"http:\/\/i3wm.org\/\" target=\"_blank\" rel=\"noreferrer noopener\">i3 tiling window manager<\/a>.<\/li><li>Puzzle ITC and VSHN AG for&nbsp;<a href=\"https:\/\/appuio.ch\/\" target=\"_blank\" rel=\"noreferrer noopener\">APPUiO<\/a>, the Swiss Enterprise PaaS. OpenShift Enterprise V3 based platform based using other OSS like Docker and Kubernetes.<\/li><li><a href=\"https:\/\/medium.com\/wire-news\/you-can-now-build-your-own-wire-client-ea9ed9214e26#.g6kze8gz5\" target=\"_blank\" rel=\"noreferrer noopener\">Wire Messenger<\/a>, an end-to-end encrypted messenger with Open Source client.<\/li><li><a href=\"https:\/\/cacert.pep.foundation\/trac\" target=\"_blank\" rel=\"noreferrer noopener\">pretty Easy privacy (pEp)<\/a>, a free software project by the Swiss p=p Foundation to encrypt all digital and written communications.<\/li><li>studer + raimann AG for&nbsp;<a href=\"https:\/\/studer-raimann.ch\/produkte\/ilias-plugins\/ilias-plugins\/livevoting\" target=\"_blank\" rel=\"noreferrer noopener\">ILIAS LiveVoting<\/a>, an Open Source alternative for audience response systems to create interactivity between a presenter and his\/her audience.<\/li><li>Guillaume Vareille for&nbsp;<a href=\"https:\/\/sourceforge.net\/projects\/tinyfiledialogs\/\" target=\"_blank\" rel=\"noreferrer noopener\">tiny file dialogs<\/a>, highly portable and cross-platform dialogs for native inputbox, passwordbox and colorpicker.<\/li><li>Liip for&nbsp;<a href=\"https:\/\/github.com\/liip\/bund-drupal-starterkit\" target=\"_blank\" rel=\"noreferrer noopener\">Drupal 8 Starterkit<\/a>&nbsp;for the Swiss Federal Government, a Drupal 8 starterkit, based on the latest version of the styleguide for the Swiss Federal Government.<\/li><li>KlokanTech.com + HSR.ch for&nbsp;<a href=\"http:\/\/osm2vectortiles.org\/\" target=\"_blank\" rel=\"noreferrer noopener\">OSM2VectorTiles + TileServer-GL<\/a>, a new open-source software for fast drawing of high-quality maps such as OpenStreetMap.org.<\/li><li><a href=\"http:\/\/openolitor.github.io\/OpenOlitor\/\" target=\"_blank\" rel=\"noreferrer noopener\">OpenOlitor<\/a>&nbsp;\u2013 A software platform to help administer community supported agriculture\u2013CSA, Solawi, RVL and other subscription based projects.<\/li><li>EngineerIT GmbH for their Open Data based \u201e<a href=\"http:\/\/www.engineerit.ch\/apps\/veloverleih\/\" target=\"_blank\" rel=\"noreferrer noopener\">Z\u00fcrich Gratis Veloverleih App<\/a>\u201e.<\/li><\/ul>\n","protected":false},"excerpt":{"rendered":"<p>Gewinner CH Open Source Awards 2016 26. Oktober 2016 Die W\u00fcrfel sind gefallen: Aus den zahlreichen nominierten Projekten sind sechs mit dem CH Open Source Award 2016 ausgezeichnet worden. Die Gewinner sind die Open Source CRM-L\u00f6sungSuiteCRM, die Post CH AG f\u00fcr ihre MariaDB-Migration, Florian Bruhin mit qutebrowser, Ren\u00e9 Moser mit Ansible CloudStack, das opendata.swiss Portal&hellip;<\/p>\n","protected":false},"author":124,"featured_media":0,"parent":5417,"menu_order":0,"comment_status":"closed","ping_status":"closed","template":"","meta":{"_acf_changed":false,"footnotes":""},"class_list":["post-9570","page","type-page","status-publish","hentry"],"acf":[],"yoast_head":"<!-- This site is optimized with the Yoast SEO Premium plugin v22.2 (Yoast SEO v27.3) - https:\/\/yoast.com\/product\/yoast-seo-premium-wordpress\/ -->\n<title>CH Open Source Awards 2016 &#060; DINAcon Awards<\/title>\n<meta name=\"robots\" content=\"index, follow, max-snippet:-1, max-image-preview:large, max-video-preview:-1\" \/>\n<link rel=\"canonical\" href=\"https:\/\/awards.dinacon.ch\/fr\/kontakt\/awards-passee\/ch-open-source-awards-2016\/\" \/>\n<meta property=\"og:locale\" content=\"fr_FR\" \/>\n<meta property=\"og:type\" content=\"article\" \/>\n<meta property=\"og:title\" content=\"CH Open Source Awards 2016\" \/>\n<meta property=\"og:description\" content=\"Gewinner CH Open Source Awards 2016 26. Oktober 2016 Die W\u00fcrfel sind gefallen: Aus den zahlreichen nominierten Projekten sind sechs mit dem CH Open Source Award 2016 ausgezeichnet worden. Die Gewinner sind die Open Source CRM-L\u00f6sungSuiteCRM, die Post CH AG f\u00fcr ihre MariaDB-Migration, Florian Bruhin mit qutebrowser, Ren\u00e9 Moser mit Ansible CloudStack, das opendata.swiss Portal&hellip;\" \/>\n<meta property=\"og:url\" content=\"https:\/\/awards.dinacon.ch\/fr\/kontakt\/awards-passee\/ch-open-source-awards-2016\/\" \/>\n<meta property=\"og:site_name\" content=\"DINAcon Awards\" \/>\n<meta property=\"og:image\" content=\"https:\/\/awards.dinacon.ch\/wp-content\/uploads\/sites\/7\/2021\/09\/photo_2021-09-23_18-10-25.jpeg\" \/>\n\t<meta property=\"og:image:width\" content=\"1280\" \/>\n\t<meta property=\"og:image:height\" content=\"721\" \/>\n\t<meta property=\"og:image:type\" content=\"image\/jpeg\" \/>\n<meta name=\"twitter:card\" content=\"summary_large_image\" \/>\n<meta name=\"twitter:site\" content=\"@ch_open\" \/>\n<meta name=\"twitter:label1\" content=\"Dur\u00e9e de lecture estim\u00e9e\" \/>\n\t<meta name=\"twitter:data1\" content=\"5 minutes\" \/>\n<script type=\"application\/ld+json\" class=\"yoast-schema-graph\">{\"@context\":\"https:\\\/\\\/schema.org\",\"@graph\":[{\"@type\":\"WebPage\",\"@id\":\"https:\\\/\\\/awards.dinacon.ch\\\/fr\\\/kontakt\\\/awards-passee\\\/ch-open-source-awards-2016\\\/\",\"url\":\"https:\\\/\\\/awards.dinacon.ch\\\/fr\\\/kontakt\\\/awards-passee\\\/ch-open-source-awards-2016\\\/\",\"name\":\"CH Open Source Awards 2016 &#060; DINAcon Awards\",\"isPartOf\":{\"@id\":\"https:\\\/\\\/awards.dinacon.ch\\\/#website\"},\"datePublished\":\"2020-04-30T10:51:31+00:00\",\"breadcrumb\":{\"@id\":\"https:\\\/\\\/awards.dinacon.ch\\\/fr\\\/kontakt\\\/awards-passee\\\/ch-open-source-awards-2016\\\/#breadcrumb\"},\"inLanguage\":\"fr-FR\",\"potentialAction\":[{\"@type\":\"ReadAction\",\"target\":[\"https:\\\/\\\/awards.dinacon.ch\\\/fr\\\/kontakt\\\/awards-passee\\\/ch-open-source-awards-2016\\\/\"]}]},{\"@type\":\"BreadcrumbList\",\"@id\":\"https:\\\/\\\/awards.dinacon.ch\\\/fr\\\/kontakt\\\/awards-passee\\\/ch-open-source-awards-2016\\\/#breadcrumb\",\"itemListElement\":[{\"@type\":\"ListItem\",\"position\":1,\"name\":\"Home\",\"item\":\"https:\\\/\\\/awards.dinacon.ch\\\/fr\\\/\"},{\"@type\":\"ListItem\",\"position\":2,\"name\":\"\u00c0 propos de nous\",\"item\":\"https:\\\/\\\/awards.dinacon.ch\\\/fr\\\/kontakt\\\/\"},{\"@type\":\"ListItem\",\"position\":3,\"name\":\"R\u00e9compenses pass\u00e9es\",\"item\":\"https:\\\/\\\/awards.dinacon.ch\\\/fr\\\/kontakt\\\/awards-passee\\\/\"},{\"@type\":\"ListItem\",\"position\":4,\"name\":\"CH Open Source Awards 2016\"}]},{\"@type\":\"WebSite\",\"@id\":\"https:\\\/\\\/awards.dinacon.ch\\\/#website\",\"url\":\"https:\\\/\\\/awards.dinacon.ch\\\/\",\"name\":\"DINAcon Awards\",\"description\":\"DINAcon Awards\",\"potentialAction\":[{\"@type\":\"SearchAction\",\"target\":{\"@type\":\"EntryPoint\",\"urlTemplate\":\"https:\\\/\\\/awards.dinacon.ch\\\/?s={search_term_string}\"},\"query-input\":{\"@type\":\"PropertyValueSpecification\",\"valueRequired\":true,\"valueName\":\"search_term_string\"}}],\"inLanguage\":\"fr-FR\"}]}<\/script>\n<!-- \/ Yoast SEO Premium plugin. -->","yoast_head_json":{"title":"CH Open Source Awards 2016 &#060; DINAcon Awards","robots":{"index":"index","follow":"follow","max-snippet":"max-snippet:-1","max-image-preview":"max-image-preview:large","max-video-preview":"max-video-preview:-1"},"canonical":"https:\/\/awards.dinacon.ch\/fr\/kontakt\/awards-passee\/ch-open-source-awards-2016\/","og_locale":"fr_FR","og_type":"article","og_title":"CH Open Source Awards 2016","og_description":"Gewinner CH Open Source Awards 2016 26. Oktober 2016 Die W\u00fcrfel sind gefallen: Aus den zahlreichen nominierten Projekten sind sechs mit dem CH Open Source Award 2016 ausgezeichnet worden. Die Gewinner sind die Open Source CRM-L\u00f6sungSuiteCRM, die Post CH AG f\u00fcr ihre MariaDB-Migration, Florian Bruhin mit qutebrowser, Ren\u00e9 Moser mit Ansible CloudStack, das opendata.swiss Portal&hellip;","og_url":"https:\/\/awards.dinacon.ch\/fr\/kontakt\/awards-passee\/ch-open-source-awards-2016\/","og_site_name":"DINAcon Awards","og_image":[{"width":1280,"height":721,"url":"https:\/\/awards.dinacon.ch\/wp-content\/uploads\/sites\/7\/2021\/09\/photo_2021-09-23_18-10-25.jpeg","type":"image\/jpeg"}],"twitter_card":"summary_large_image","twitter_site":"@ch_open","twitter_misc":{"Dur\u00e9e de lecture estim\u00e9e":"5 minutes"},"schema":{"@context":"https:\/\/schema.org","@graph":[{"@type":"WebPage","@id":"https:\/\/awards.dinacon.ch\/fr\/kontakt\/awards-passee\/ch-open-source-awards-2016\/","url":"https:\/\/awards.dinacon.ch\/fr\/kontakt\/awards-passee\/ch-open-source-awards-2016\/","name":"CH Open Source Awards 2016 &#060; DINAcon Awards","isPartOf":{"@id":"https:\/\/awards.dinacon.ch\/#website"},"datePublished":"2020-04-30T10:51:31+00:00","breadcrumb":{"@id":"https:\/\/awards.dinacon.ch\/fr\/kontakt\/awards-passee\/ch-open-source-awards-2016\/#breadcrumb"},"inLanguage":"fr-FR","potentialAction":[{"@type":"ReadAction","target":["https:\/\/awards.dinacon.ch\/fr\/kontakt\/awards-passee\/ch-open-source-awards-2016\/"]}]},{"@type":"BreadcrumbList","@id":"https:\/\/awards.dinacon.ch\/fr\/kontakt\/awards-passee\/ch-open-source-awards-2016\/#breadcrumb","itemListElement":[{"@type":"ListItem","position":1,"name":"Home","item":"https:\/\/awards.dinacon.ch\/fr\/"},{"@type":"ListItem","position":2,"name":"\u00c0 propos de nous","item":"https:\/\/awards.dinacon.ch\/fr\/kontakt\/"},{"@type":"ListItem","position":3,"name":"R\u00e9compenses pass\u00e9es","item":"https:\/\/awards.dinacon.ch\/fr\/kontakt\/awards-passee\/"},{"@type":"ListItem","position":4,"name":"CH Open Source Awards 2016"}]},{"@type":"WebSite","@id":"https:\/\/awards.dinacon.ch\/#website","url":"https:\/\/awards.dinacon.ch\/","name":"DINAcon Awards","description":"DINAcon Awards","potentialAction":[{"@type":"SearchAction","target":{"@type":"EntryPoint","urlTemplate":"https:\/\/awards.dinacon.ch\/?s={search_term_string}"},"query-input":{"@type":"PropertyValueSpecification","valueRequired":true,"valueName":"search_term_string"}}],"inLanguage":"fr-FR"}]}},"_links":{"self":[{"href":"https:\/\/awards.dinacon.ch\/fr\/wp-json\/wp\/v2\/pages\/9570","targetHints":{"allow":["GET"]}}],"collection":[{"href":"https:\/\/awards.dinacon.ch\/fr\/wp-json\/wp\/v2\/pages"}],"about":[{"href":"https:\/\/awards.dinacon.ch\/fr\/wp-json\/wp\/v2\/types\/page"}],"author":[{"embeddable":true,"href":"https:\/\/awards.dinacon.ch\/fr\/wp-json\/wp\/v2\/users\/124"}],"replies":[{"embeddable":true,"href":"https:\/\/awards.dinacon.ch\/fr\/wp-json\/wp\/v2\/comments?post=9570"}],"version-history":[{"count":0,"href":"https:\/\/awards.dinacon.ch\/fr\/wp-json\/wp\/v2\/pages\/9570\/revisions"}],"up":[{"embeddable":true,"href":"https:\/\/awards.dinacon.ch\/fr\/wp-json\/wp\/v2\/pages\/5417"}],"wp:attachment":[{"href":"https:\/\/awards.dinacon.ch\/fr\/wp-json\/wp\/v2\/media?parent=9570"}],"curies":[{"name":"wp","href":"https:\/\/api.w.org\/{rel}","templated":true}]}}