{"id":9569,"date":"2020-04-30T11:51:32","date_gmt":"2020-04-30T10:51:32","guid":{"rendered":"https:\/\/awards.dinacon.ch\/kontakt\/awards-passee\/ch-open-source-awards-2008\/"},"modified":"2020-04-30T11:51:32","modified_gmt":"2020-04-30T10:51:32","slug":"ch-open-source-awards-2008","status":"publish","type":"page","link":"https:\/\/awards.dinacon.ch\/fr\/kontakt\/awards-passee\/ch-open-source-awards-2008\/","title":{"rendered":"CH Open Source Awards 2008"},"content":{"rendered":"\n<h2 class=\"wp-block-heading\">Preistr\u00e4ger 2008<\/h2>\n\n\n\n<h3 class=\"wp-block-heading\"><em><strong>Swissness<\/strong><\/em><\/h3>\n\n\n\n<p><a href=\"http:\/\/www.olat.org\/\" target=\"_blank\" rel=\"noreferrer noopener\">OLAT<\/a>, E-Learning Plattform<\/p>\n\n\n\n<h3 class=\"wp-block-heading\"><em><strong>Business<\/strong><\/em><\/h3>\n\n\n\n<p><a href=\"http:\/\/www.day.com\/\" target=\"_blank\" rel=\"noreferrer noopener\">Day<\/a>, U.a. Standard-basiertes Content Repository (JSR-170) f\u00fcr CMS; Apache JackRabbit, Sling<\/p>\n\n\n\n<h3 class=\"wp-block-heading\"><em><strong>Pioneer<\/strong><\/em><\/h3>\n\n\n\n<p><a href=\"http:\/\/www.kszofingen.ch\/\" target=\"_blank\" rel=\"noreferrer noopener\">Kantonsschule Zofingen<\/a>, Einsatz von FOSS (OpenOffice.org, Linux Terminal Server) in der Schule.<\/p>\n\n\n\n<h3 class=\"wp-block-heading\"><em><strong>Advocacy<\/strong><\/em><\/h3>\n\n\n\n<p><a href=\"http:\/\/www.morokeni.ch\/\" target=\"_blank\" rel=\"noreferrer noopener\">Schoolnet Namibia<\/a>&nbsp;(Philipp Hanselmann) und&nbsp;<a href=\"http:\/\/www.linuxola.org\/\" target=\"_blank\" rel=\"noreferrer noopener\">Linuxola<\/a>(Amadeus Wittwer) zwei Projekte, um auf FOSS-Basis die Nutzung von Informatikmitteln in so genannten Entwicklungsl\u00e4ndern zu f\u00f6rdern.<\/p>\n\n\n\n<h3 class=\"wp-block-heading\"><em><strong>Youth<\/strong><\/em><\/h3>\n\n\n\n<p><strong>Esteban Jo\u00ebl Marin<\/strong>, Kantonsschule Romanshorn, hat Worddriller entwickelt, ein frei zug\u00e4ngliches Vokabellernprogramm.<\/p>\n\n\n\n<p>Und&nbsp;<strong>Philipp Gassmann<\/strong>, Kantonsschule Zofingen, Maturaarbeit \u201eEinf\u00fchrung in Ubuntu\u201c, um anderen Schulen resp. Sch\u00fclerinnen und Sch\u00fclern den Einstieg in Ubuntu zu erleichtern und schmackhaft zu machen.<\/p>\n","protected":false},"excerpt":{"rendered":"<p>Preistr\u00e4ger 2008 Swissness OLAT, E-Learning Plattform Business Day, U.a. Standard-basiertes Content Repository (JSR-170) f\u00fcr CMS; Apache JackRabbit, Sling Pioneer Kantonsschule Zofingen, Einsatz von FOSS (OpenOffice.org, Linux Terminal Server) in der Schule. Advocacy Schoolnet Namibia&nbsp;(Philipp Hanselmann) und&nbsp;Linuxola(Amadeus Wittwer) zwei Projekte, um auf FOSS-Basis die Nutzung von Informatikmitteln in so genannten Entwicklungsl\u00e4ndern zu f\u00f6rdern. Youth Esteban Jo\u00ebl&hellip;<\/p>\n","protected":false},"author":124,"featured_media":0,"parent":5417,"menu_order":0,"comment_status":"closed","ping_status":"closed","template":"","meta":{"_acf_changed":false,"footnotes":""},"class_list":["post-9569","page","type-page","status-publish","hentry"],"acf":[],"yoast_head":"<!-- This site is optimized with the Yoast SEO Premium plugin v22.2 (Yoast SEO v27.3) - https:\/\/yoast.com\/product\/yoast-seo-premium-wordpress\/ -->\n<title>CH Open Source Awards 2008 &#060; DINAcon Awards<\/title>\n<meta name=\"robots\" content=\"index, follow, max-snippet:-1, max-image-preview:large, max-video-preview:-1\" \/>\n<link rel=\"canonical\" href=\"https:\/\/awards.dinacon.ch\/fr\/kontakt\/awards-passee\/ch-open-source-awards-2008\/\" \/>\n<meta property=\"og:locale\" content=\"fr_FR\" \/>\n<meta property=\"og:type\" content=\"article\" \/>\n<meta property=\"og:title\" content=\"CH Open Source Awards 2008\" \/>\n<meta property=\"og:description\" content=\"Preistr\u00e4ger 2008 Swissness OLAT, E-Learning Plattform Business Day, U.a. Standard-basiertes Content Repository (JSR-170) f\u00fcr CMS; Apache JackRabbit, Sling Pioneer Kantonsschule Zofingen, Einsatz von FOSS (OpenOffice.org, Linux Terminal Server) in der Schule. Advocacy Schoolnet Namibia&nbsp;(Philipp Hanselmann) und&nbsp;Linuxola(Amadeus Wittwer) zwei Projekte, um auf FOSS-Basis die Nutzung von Informatikmitteln in so genannten Entwicklungsl\u00e4ndern zu f\u00f6rdern. Youth Esteban Jo\u00ebl&hellip;\" \/>\n<meta property=\"og:url\" content=\"https:\/\/awards.dinacon.ch\/fr\/kontakt\/awards-passee\/ch-open-source-awards-2008\/\" \/>\n<meta property=\"og:site_name\" content=\"DINAcon Awards\" \/>\n<meta property=\"og:image\" content=\"https:\/\/awards.dinacon.ch\/wp-content\/uploads\/sites\/7\/2021\/09\/photo_2021-09-23_18-10-25.jpeg\" \/>\n\t<meta property=\"og:image:width\" content=\"1280\" \/>\n\t<meta property=\"og:image:height\" content=\"721\" \/>\n\t<meta property=\"og:image:type\" content=\"image\/jpeg\" \/>\n<meta name=\"twitter:card\" content=\"summary_large_image\" \/>\n<meta name=\"twitter:site\" content=\"@ch_open\" \/>\n<meta name=\"twitter:label1\" content=\"Dur\u00e9e de lecture estim\u00e9e\" \/>\n\t<meta name=\"twitter:data1\" content=\"1 minute\" \/>\n<script type=\"application\/ld+json\" class=\"yoast-schema-graph\">{\"@context\":\"https:\\\/\\\/schema.org\",\"@graph\":[{\"@type\":\"WebPage\",\"@id\":\"https:\\\/\\\/awards.dinacon.ch\\\/fr\\\/kontakt\\\/awards-passee\\\/ch-open-source-awards-2008\\\/\",\"url\":\"https:\\\/\\\/awards.dinacon.ch\\\/fr\\\/kontakt\\\/awards-passee\\\/ch-open-source-awards-2008\\\/\",\"name\":\"CH Open Source Awards 2008 &#060; DINAcon Awards\",\"isPartOf\":{\"@id\":\"https:\\\/\\\/awards.dinacon.ch\\\/#website\"},\"datePublished\":\"2020-04-30T10:51:32+00:00\",\"breadcrumb\":{\"@id\":\"https:\\\/\\\/awards.dinacon.ch\\\/fr\\\/kontakt\\\/awards-passee\\\/ch-open-source-awards-2008\\\/#breadcrumb\"},\"inLanguage\":\"fr-FR\",\"potentialAction\":[{\"@type\":\"ReadAction\",\"target\":[\"https:\\\/\\\/awards.dinacon.ch\\\/fr\\\/kontakt\\\/awards-passee\\\/ch-open-source-awards-2008\\\/\"]}]},{\"@type\":\"BreadcrumbList\",\"@id\":\"https:\\\/\\\/awards.dinacon.ch\\\/fr\\\/kontakt\\\/awards-passee\\\/ch-open-source-awards-2008\\\/#breadcrumb\",\"itemListElement\":[{\"@type\":\"ListItem\",\"position\":1,\"name\":\"Home\",\"item\":\"https:\\\/\\\/awards.dinacon.ch\\\/fr\\\/\"},{\"@type\":\"ListItem\",\"position\":2,\"name\":\"\u00c0 propos de nous\",\"item\":\"https:\\\/\\\/awards.dinacon.ch\\\/fr\\\/kontakt\\\/\"},{\"@type\":\"ListItem\",\"position\":3,\"name\":\"R\u00e9compenses pass\u00e9es\",\"item\":\"https:\\\/\\\/awards.dinacon.ch\\\/fr\\\/kontakt\\\/awards-passee\\\/\"},{\"@type\":\"ListItem\",\"position\":4,\"name\":\"CH Open Source Awards 2008\"}]},{\"@type\":\"WebSite\",\"@id\":\"https:\\\/\\\/awards.dinacon.ch\\\/#website\",\"url\":\"https:\\\/\\\/awards.dinacon.ch\\\/\",\"name\":\"DINAcon Awards\",\"description\":\"DINAcon Awards\",\"potentialAction\":[{\"@type\":\"SearchAction\",\"target\":{\"@type\":\"EntryPoint\",\"urlTemplate\":\"https:\\\/\\\/awards.dinacon.ch\\\/?s={search_term_string}\"},\"query-input\":{\"@type\":\"PropertyValueSpecification\",\"valueRequired\":true,\"valueName\":\"search_term_string\"}}],\"inLanguage\":\"fr-FR\"}]}<\/script>\n<!-- \/ Yoast SEO Premium plugin. -->","yoast_head_json":{"title":"CH Open Source Awards 2008 &#060; DINAcon Awards","robots":{"index":"index","follow":"follow","max-snippet":"max-snippet:-1","max-image-preview":"max-image-preview:large","max-video-preview":"max-video-preview:-1"},"canonical":"https:\/\/awards.dinacon.ch\/fr\/kontakt\/awards-passee\/ch-open-source-awards-2008\/","og_locale":"fr_FR","og_type":"article","og_title":"CH Open Source Awards 2008","og_description":"Preistr\u00e4ger 2008 Swissness OLAT, E-Learning Plattform Business Day, U.a. Standard-basiertes Content Repository (JSR-170) f\u00fcr CMS; Apache JackRabbit, Sling Pioneer Kantonsschule Zofingen, Einsatz von FOSS (OpenOffice.org, Linux Terminal Server) in der Schule. Advocacy Schoolnet Namibia&nbsp;(Philipp Hanselmann) und&nbsp;Linuxola(Amadeus Wittwer) zwei Projekte, um auf FOSS-Basis die Nutzung von Informatikmitteln in so genannten Entwicklungsl\u00e4ndern zu f\u00f6rdern. Youth Esteban Jo\u00ebl&hellip;","og_url":"https:\/\/awards.dinacon.ch\/fr\/kontakt\/awards-passee\/ch-open-source-awards-2008\/","og_site_name":"DINAcon Awards","og_image":[{"width":1280,"height":721,"url":"https:\/\/awards.dinacon.ch\/wp-content\/uploads\/sites\/7\/2021\/09\/photo_2021-09-23_18-10-25.jpeg","type":"image\/jpeg"}],"twitter_card":"summary_large_image","twitter_site":"@ch_open","twitter_misc":{"Dur\u00e9e de lecture estim\u00e9e":"1 minute"},"schema":{"@context":"https:\/\/schema.org","@graph":[{"@type":"WebPage","@id":"https:\/\/awards.dinacon.ch\/fr\/kontakt\/awards-passee\/ch-open-source-awards-2008\/","url":"https:\/\/awards.dinacon.ch\/fr\/kontakt\/awards-passee\/ch-open-source-awards-2008\/","name":"CH Open Source Awards 2008 &#060; DINAcon Awards","isPartOf":{"@id":"https:\/\/awards.dinacon.ch\/#website"},"datePublished":"2020-04-30T10:51:32+00:00","breadcrumb":{"@id":"https:\/\/awards.dinacon.ch\/fr\/kontakt\/awards-passee\/ch-open-source-awards-2008\/#breadcrumb"},"inLanguage":"fr-FR","potentialAction":[{"@type":"ReadAction","target":["https:\/\/awards.dinacon.ch\/fr\/kontakt\/awards-passee\/ch-open-source-awards-2008\/"]}]},{"@type":"BreadcrumbList","@id":"https:\/\/awards.dinacon.ch\/fr\/kontakt\/awards-passee\/ch-open-source-awards-2008\/#breadcrumb","itemListElement":[{"@type":"ListItem","position":1,"name":"Home","item":"https:\/\/awards.dinacon.ch\/fr\/"},{"@type":"ListItem","position":2,"name":"\u00c0 propos de nous","item":"https:\/\/awards.dinacon.ch\/fr\/kontakt\/"},{"@type":"ListItem","position":3,"name":"R\u00e9compenses pass\u00e9es","item":"https:\/\/awards.dinacon.ch\/fr\/kontakt\/awards-passee\/"},{"@type":"ListItem","position":4,"name":"CH Open Source Awards 2008"}]},{"@type":"WebSite","@id":"https:\/\/awards.dinacon.ch\/#website","url":"https:\/\/awards.dinacon.ch\/","name":"DINAcon Awards","description":"DINAcon Awards","potentialAction":[{"@type":"SearchAction","target":{"@type":"EntryPoint","urlTemplate":"https:\/\/awards.dinacon.ch\/?s={search_term_string}"},"query-input":{"@type":"PropertyValueSpecification","valueRequired":true,"valueName":"search_term_string"}}],"inLanguage":"fr-FR"}]}},"_links":{"self":[{"href":"https:\/\/awards.dinacon.ch\/fr\/wp-json\/wp\/v2\/pages\/9569","targetHints":{"allow":["GET"]}}],"collection":[{"href":"https:\/\/awards.dinacon.ch\/fr\/wp-json\/wp\/v2\/pages"}],"about":[{"href":"https:\/\/awards.dinacon.ch\/fr\/wp-json\/wp\/v2\/types\/page"}],"author":[{"embeddable":true,"href":"https:\/\/awards.dinacon.ch\/fr\/wp-json\/wp\/v2\/users\/124"}],"replies":[{"embeddable":true,"href":"https:\/\/awards.dinacon.ch\/fr\/wp-json\/wp\/v2\/comments?post=9569"}],"version-history":[{"count":0,"href":"https:\/\/awards.dinacon.ch\/fr\/wp-json\/wp\/v2\/pages\/9569\/revisions"}],"up":[{"embeddable":true,"href":"https:\/\/awards.dinacon.ch\/fr\/wp-json\/wp\/v2\/pages\/5417"}],"wp:attachment":[{"href":"https:\/\/awards.dinacon.ch\/fr\/wp-json\/wp\/v2\/media?parent=9569"}],"curies":[{"name":"wp","href":"https:\/\/api.w.org\/{rel}","templated":true}]}}