{"id":9568,"date":"2020-04-30T11:51:32","date_gmt":"2020-04-30T10:51:32","guid":{"rendered":"https:\/\/awards.dinacon.ch\/kontakt\/awards-passee\/ch-open-source-awards-2009\/"},"modified":"2020-04-30T11:51:32","modified_gmt":"2020-04-30T10:51:32","slug":"ch-open-source-awards-2009","status":"publish","type":"page","link":"https:\/\/awards.dinacon.ch\/fr\/kontakt\/awards-passee\/ch-open-source-awards-2009\/","title":{"rendered":"CH Open Source Awards 2009"},"content":{"rendered":"\n<h2 class=\"wp-block-heading\">Verleihung der CH Open Source Awards 2009<\/h2>\n\n\n\n<p>Am Mittwochabend, 23. September 2009, wurden im Rahmen der OpenExpo die Preistr\u00e4ger aus den Nominierten gek\u00fcrt. Dabei zeigte sich einmal mehr, dass die Schweizer Open-Source-Szene lebt.<\/p>\n\n\n\n<p>Die Jury hatte keine leichte Aufgabe, als sie aus den spannenden und hochwertigen Bewerbungen die Preistr\u00e4ger k\u00fcrte.<\/p>\n\n\n\n<p>Die Projekte, Organisationen und Personen haben einen CH Open Source Award 2009 und ein Preisgeld von 1000 Franken gewonnen. Die Preisgelder wurden von \/ch\/open gestiftet sowie den beiden Sponsoren PostFinance und Netcetera (je 1000 Franken).<img loading=\"lazy\" decoding=\"async\" src=\"http:\/\/archive.ossawards.ch\/uploads\/pics\/education_1_scaled_01.jpg\" alt=\"\" width=\"400\" height=\"267\">Die Nominierten in der Kategorie Education<\/p>\n\n\n\n<h3 class=\"wp-block-heading\">Gewinner Swissness<\/h3>\n\n\n\n<h4 class=\"wp-block-heading\">strongSwan<\/h4>\n\n\n\n<p>strongSwan ist eine Open Source VPN L\u00f6sung, die auf dem IPsec Standard basiert und unter den Betriebsystemen Linux, FreeBSD und Mac OS X l\u00e4uft. Dank der modularen Architektur und dem Multi-Threading Design ist die strongSwan Software \u00fcber grosse Bereichen voll skalierbar \u2013 vom abgespeckten Desktop Client bis hin zum leistungsstarken Linux Security Gateway.<\/p>\n\n\n\n<h3 class=\"wp-block-heading\">Weitere Nominierte<\/h3>\n\n\n\n<h4 class=\"wp-block-heading\">Moose<\/h4>\n\n\n\n<p>Moose ist eine gemeinschaftliche Forschungs-Plattform f\u00fcr Software Analyse und Information Visualization. Moose wurde erstmals im Jahr 1997 bei der Software Composition Group der Universit\u00e4t Bern konzipiert. Seitdem ist die Moose Gemeinde gewachsen und auf mehrere europ\u00e4ischen Forschungsgruppen verbreitet. Moose hat mehr als 130 Menschen Jahre Forschung und Entwicklung angezogen, und es f\u00fchrte zu mehr als 150 wissenschaftliche Publikationen.<\/p>\n\n\n\n<h4 class=\"wp-block-heading\">ArchivistaBox<\/h4>\n\n\n\n<p>Die ArchivistaBox ist das Schweizer DMS-Projekt, um \u00fcber viele Jahrzehnte Informationen in Schrift- und Bildform zur Verf\u00fcgung zu stellen. Die ArchivistaBox ist bewusst als Web- und Stand-Alone-Projekt gehalten. Wir sehen es als wichtig an, dass die Daten direkt vor Ort und bei Kunden gespeichert werden. So geben wir minimal 30 Jahre Garantie auf die Datenstrukturen.<\/p>\n\n\n\n<h4 class=\"wp-block-heading\">Progressive Graphics File<\/h4>\n\n\n\n<p>PGF ist ein Grafikformat f\u00fcr komprimierte Rastergrafiken und somit ein guter Ersatz f\u00fcr die JPEG-Komprimierung. Die Kompressionsrate ist bei gleicher Bildqualit\u00e4t klar besser als beim allgegenw\u00e4rtigen JPEG. Zudem ist die Codec-Geschwindigkeit mit der hohen Geschwindigkeit von JPEG vergleichbar. Seit 2006 ist PGF OpenSource? und steht unter der LGP-Lizenz.<img loading=\"lazy\" decoding=\"async\" src=\"http:\/\/archive.ossawards.ch\/uploads\/pics\/swissness_1_scaled_03.jpg\" alt=\"\" width=\"400\" height=\"266\">\u00dcbergabe des ersten Preises an das strongSwan Team<\/p>\n\n\n\n<h3 class=\"wp-block-heading\">Gewinner Business<\/h3>\n\n\n\n<h4 class=\"wp-block-heading\">Equalizer Parallel Rendering Framework by Eyescale Software GmbH<\/h4>\n\n\n\n<p>Programmierschnittstelle (Bibliothek und Laufzeitumgebung) f\u00fcr parallele, skalierbare OpenGL-Programme. Equalizer erm\u00f6glicht Applikationen, mehrere Grafikkarten, Prozessoren und Computer zu verwenden, um die Geschwindigkeit, Qualit\u00e4t oder Ausgabefl\u00e4che des Drei D-Renderings zu verbessern. Mit Equalizer ist eine in ihrem Marketsegment einzigartige Software<\/p>\n\n\n\n<h3 class=\"wp-block-heading\">Weitere Nominierte<\/h3>\n\n\n\n<h4 class=\"wp-block-heading\">todoyu by snowflake<\/h4>\n\n\n\n<p>todoyu ist ein Projekt- und Taskmanagement System. Es ist auf die Bed\u00fcrfnisse von KMU\u2019s und Projekt-Teams zugeschnitten, die projekt- oder mandatsbezogen arbeiten. Etwa Agenturen, Consultants, Architekten oder Anw\u00e4lte. Ebenso eignet es sich f\u00fcr den Einsatz in Projekt-Teams von Konzernen.<\/p>\n\n\n\n<h4 class=\"wp-block-heading\">GemeindeTypo3 by WMC<\/h4>\n\n\n\n<p>Auf der Basis des verbreiteten CMS Typo3 wurden spezifische Extensions entwickelt, welche die Bed\u00fcrfnisse von Gemeinden und St\u00e4dten abdecken. Ebenso kommen bereits bestehende, zu einem grossen Teil durch WMC entwickelte Module f\u00fcr den Intranetbereich in Einsatz, sodass eine flexible und kosteng\u00fcnstige L\u00f6sung entstanden ist, die technisch eine hohen Standardisierung aufweist.<img loading=\"lazy\" decoding=\"async\" src=\"http:\/\/archive.ossawards.ch\/uploads\/pics\/business_1_scaled.jpg\" alt=\"\" width=\"400\" height=\"267\">snowflake nimmt die Auszeichnung entgegen<\/p>\n\n\n\n<h3 class=\"wp-block-heading\">Gewinner Pioneer<\/h3>\n\n\n\n<h4 class=\"wp-block-heading\">Kanton Solothurn<\/h4>\n\n\n\n<p>Der Kanton Solothurn ist in der Verwaltung f\u00fchrend in bezug auf freie Software. Als erster Kanton wagte er die konsequente Umstellung auf Linux. Gem\u00e4ss IT-Leiter Kurt Bader spart damit die Kantonsinformatik nun j\u00e4hrlich mehrere hunderttausend Franken gegen\u00fcber einer Migration auf Windows Vista.<\/p>\n\n\n\n<h3 class=\"wp-block-heading\">Weitere Nominationen<\/h3>\n\n\n\n<h4 class=\"wp-block-heading\">Yves Roulet Tener, Sm\u00e9O \/ Ulrick Liman Sm\u00e9O<\/h4>\n\n\n\n<p><strong>Sm\u00e9O<\/strong>: Der Kanton Waadt und die Stadt Lausanne haben gemeinsam die Anwendung Sm\u00e9O als Leitfaden f\u00fcr das Management der Nachhaltigkeit im Baubereich entwickelt. Diese \u00fcber www.smeo.ch erreichbare Internetapplikation erlaubt es eine Analyse und Verfolgung der Projekte in jeder Etappe.<\/p>\n\n\n\n<p><strong>Tener<\/strong>: Die Internet Anwendung Tener erm\u00f6glicht in erster Linie das Management und die Optimierung des Energieverbrauchs vom Geb\u00e4udepark. Mittels der Energie-Management-Tools TENER kann der Wasser- und Energieverbrauch visualisert, analysiert und dokumentiert werden.<\/p>\n\n\n\n<h4 class=\"wp-block-heading\">Daniel Brunner, Informatikleiter BGer<\/h4>\n\n\n\n<p>Daniel Brunner, stellvertretender Informatik-Leiter beim Schweizerischen Bundesgericht, setzt seit acht Jahren aktiv eine Open Standards und Open Source Software Strategie um. KPMG f\u00fchrte letztes Jahr ein Audit durch und attestierte, das die beim Bundesgericht im Einsatz stehenden Open Source L\u00f6sungen wie OpenOffice.org, Evolution, Firefox und Alfresco als sehr wirtschaftlich und zukunftsorientiert sind.<\/p>\n\n\n\n<h4 class=\"wp-block-heading\">GeLibrEdu<\/h4>\n\n\n\n<p>Gelauncht im September 2006, zielt das Programm GeLibrEdu auf die breite Nutzung von SOLL (Offene Standards und FOSS) im D\u00e9partement de l\u2019instruction publique (DIP) des Kantons Genf ab. Dies ist nicht nur um freie Software Tools (OS, Software-Plattformen f\u00fcr den Handel) und offene Standards anzubieten, sondern auch f\u00fcr alle Akteure im Bildungsbereich einzuladen.<img loading=\"lazy\" decoding=\"async\" src=\"http:\/\/archive.ossawards.ch\/uploads\/pics\/pioneer_1_scaled_02.jpg\" alt=\"\" width=\"400\" height=\"266\">Die Verk\u00fcndung des Siegers<\/p>\n\n\n\n<h3 class=\"wp-block-heading\">Gewinner Advocacy<\/h3>\n\n\n\n<h4 class=\"wp-block-heading\">Fran\u00e7ois Marthaler<\/h4>\n\n\n\n<p>Francois Marthaler ist Regierungsrat im Kanton Waadt. Der Kanton Waadt f\u00f6rdert aus drei grunds\u00e4tzlichen \u00dcberlegungen heraus die Open-Source-Bewegung. Sie hilft mit, die Lebenszyklen in der Informatik zu verl\u00e4ngern und den weltweiten \u201edigitalen Graben\u201c zuzusch\u00fctten und f\u00f6rdert drittens die schnellere und g\u00fcnstigere Entwicklung von sicherer Software. Der Kanton Waadt setzt Typo3 (CMS), SugarCRM und den Mapserver Cartoweb ein und half bei der Lokalisierung des KMU-ERP-Systems TinyERP mit. Ausserdem ist die Waadt daran interessiert, Entwicklungen zu teilen.<\/p>\n\n\n\n<h3 class=\"wp-block-heading\">Weitere Nominierte<\/h3>\n\n\n\n<h4 class=\"wp-block-heading\">Christian Laux<\/h4>\n\n\n\n<p>Christian hat eine Reihe von Artikeln im Zusammenhang mit Open Source Software und Open Content Themen verfasst und h\u00e4lt regelm\u00e4\u00dfig Vortr\u00e4ge zu diesem Thema. Er ist Mitbegr\u00fcnder der Openlaw \u2013 Plattform f\u00fcr Recht und Freie Software, ein Institut, das den rechtlichen Aspekt von Open Source Software und Open Content in der Schweiz gewidmet ist und f\u00fcr die Durchf\u00fchrung der Creative Commons Lizenzen in der Schweiz verantwortlich ist.<img loading=\"lazy\" decoding=\"async\" src=\"http:\/\/archive.ossawards.ch\/uploads\/pics\/advocacy_1_scaled_06.jpg\" alt=\"\" width=\"400\" height=\"267\">Christian Laux erh\u00e4lt die Auszeichnung<\/p>\n\n\n\n<h3 class=\"wp-block-heading\">Gewinner Education<\/h3>\n\n\n\n<h4 class=\"wp-block-heading\">eLesson Markup Language<\/h4>\n\n\n\n<p>eLML (eLesson Markup Language) ist eine XML basierte Auszeichnungssprache, die zur Erstellung von strukturierten E-Learning Inhalten an der Universit\u00e4t Z\u00fcrich entwickelt wurde. mittlerweile wird eLML an diversen Universit\u00e4ten in der Schweiz, in Deutschland und in \u00d6sterreich verwendet. Es gibt zwei wichtige Gr\u00fcnde, die f\u00fcr den Einsatz von eLML zur Erstellung von Lerninhalten sprechen: Einheitlichkeit und flexible Ausgabem\u00f6glichkeiten.<\/p>\n\n\n\n<h3 class=\"wp-block-heading\">Weitere Nominierte<\/h3>\n\n\n\n<h4 class=\"wp-block-heading\">Eduversum<\/h4>\n\n\n\n<p>Um den Einstieg in die Linuxwelt zu vereinfachen entstand Eduversum. Der Gedanke hinter dem Projekt ist, auf eine einfache Art und Weise einen \u00dcberblick \u00fcber Linux und dessen M\u00f6glichkeiten im Bildungsbereich zu geben. Im Fokus steht dabei die Vorstellung der existierenden Anwendungen im Bereich Linux und Bildung.<img loading=\"lazy\" decoding=\"async\" src=\"http:\/\/archive.ossawards.ch\/uploads\/pics\/education_1_scaled_02.jpg\" alt=\"\" width=\"400\" height=\"267\">Die Preistr\u00e4ger<\/p>\n","protected":false},"excerpt":{"rendered":"<p>Verleihung der CH Open Source Awards 2009 Am Mittwochabend, 23. September 2009, wurden im Rahmen der OpenExpo die Preistr\u00e4ger aus den Nominierten gek\u00fcrt. Dabei zeigte sich einmal mehr, dass die Schweizer Open-Source-Szene lebt. Die Jury hatte keine leichte Aufgabe, als sie aus den spannenden und hochwertigen Bewerbungen die Preistr\u00e4ger k\u00fcrte. Die Projekte, Organisationen und Personen&hellip;<\/p>\n","protected":false},"author":124,"featured_media":0,"parent":5417,"menu_order":0,"comment_status":"closed","ping_status":"closed","template":"","meta":{"_acf_changed":false,"footnotes":""},"class_list":["post-9568","page","type-page","status-publish","hentry"],"acf":[],"yoast_head":"<!-- This site is optimized with the Yoast SEO Premium plugin v22.2 (Yoast SEO v27.3) - https:\/\/yoast.com\/product\/yoast-seo-premium-wordpress\/ -->\n<title>CH Open Source Awards 2009 &#060; DINAcon Awards<\/title>\n<meta name=\"robots\" content=\"index, follow, max-snippet:-1, max-image-preview:large, max-video-preview:-1\" \/>\n<link rel=\"canonical\" href=\"https:\/\/awards.dinacon.ch\/fr\/kontakt\/awards-passee\/ch-open-source-awards-2009\/\" \/>\n<meta property=\"og:locale\" content=\"fr_FR\" \/>\n<meta property=\"og:type\" content=\"article\" \/>\n<meta property=\"og:title\" content=\"CH Open Source Awards 2009\" \/>\n<meta property=\"og:description\" content=\"Verleihung der CH Open Source Awards 2009 Am Mittwochabend, 23. September 2009, wurden im Rahmen der OpenExpo die Preistr\u00e4ger aus den Nominierten gek\u00fcrt. Dabei zeigte sich einmal mehr, dass die Schweizer Open-Source-Szene lebt. Die Jury hatte keine leichte Aufgabe, als sie aus den spannenden und hochwertigen Bewerbungen die Preistr\u00e4ger k\u00fcrte. Die Projekte, Organisationen und Personen&hellip;\" \/>\n<meta property=\"og:url\" content=\"https:\/\/awards.dinacon.ch\/fr\/kontakt\/awards-passee\/ch-open-source-awards-2009\/\" \/>\n<meta property=\"og:site_name\" content=\"DINAcon Awards\" \/>\n<meta property=\"og:image\" content=\"http:\/\/archive.ossawards.ch\/uploads\/pics\/education_1_scaled_01.jpg\" \/>\n<meta name=\"twitter:card\" content=\"summary_large_image\" \/>\n<meta name=\"twitter:site\" content=\"@ch_open\" \/>\n<meta name=\"twitter:label1\" content=\"Dur\u00e9e de lecture estim\u00e9e\" \/>\n\t<meta name=\"twitter:data1\" content=\"5 minutes\" \/>\n<script type=\"application\/ld+json\" class=\"yoast-schema-graph\">{\"@context\":\"https:\\\/\\\/schema.org\",\"@graph\":[{\"@type\":\"WebPage\",\"@id\":\"https:\\\/\\\/awards.dinacon.ch\\\/fr\\\/kontakt\\\/awards-passee\\\/ch-open-source-awards-2009\\\/\",\"url\":\"https:\\\/\\\/awards.dinacon.ch\\\/fr\\\/kontakt\\\/awards-passee\\\/ch-open-source-awards-2009\\\/\",\"name\":\"CH Open Source Awards 2009 &#060; DINAcon Awards\",\"isPartOf\":{\"@id\":\"https:\\\/\\\/awards.dinacon.ch\\\/#website\"},\"primaryImageOfPage\":{\"@id\":\"https:\\\/\\\/awards.dinacon.ch\\\/fr\\\/kontakt\\\/awards-passee\\\/ch-open-source-awards-2009\\\/#primaryimage\"},\"image\":{\"@id\":\"https:\\\/\\\/awards.dinacon.ch\\\/fr\\\/kontakt\\\/awards-passee\\\/ch-open-source-awards-2009\\\/#primaryimage\"},\"thumbnailUrl\":\"http:\\\/\\\/archive.ossawards.ch\\\/uploads\\\/pics\\\/education_1_scaled_01.jpg\",\"datePublished\":\"2020-04-30T10:51:32+00:00\",\"breadcrumb\":{\"@id\":\"https:\\\/\\\/awards.dinacon.ch\\\/fr\\\/kontakt\\\/awards-passee\\\/ch-open-source-awards-2009\\\/#breadcrumb\"},\"inLanguage\":\"fr-FR\",\"potentialAction\":[{\"@type\":\"ReadAction\",\"target\":[\"https:\\\/\\\/awards.dinacon.ch\\\/fr\\\/kontakt\\\/awards-passee\\\/ch-open-source-awards-2009\\\/\"]}]},{\"@type\":\"ImageObject\",\"inLanguage\":\"fr-FR\",\"@id\":\"https:\\\/\\\/awards.dinacon.ch\\\/fr\\\/kontakt\\\/awards-passee\\\/ch-open-source-awards-2009\\\/#primaryimage\",\"url\":\"http:\\\/\\\/archive.ossawards.ch\\\/uploads\\\/pics\\\/education_1_scaled_01.jpg\",\"contentUrl\":\"http:\\\/\\\/archive.ossawards.ch\\\/uploads\\\/pics\\\/education_1_scaled_01.jpg\"},{\"@type\":\"BreadcrumbList\",\"@id\":\"https:\\\/\\\/awards.dinacon.ch\\\/fr\\\/kontakt\\\/awards-passee\\\/ch-open-source-awards-2009\\\/#breadcrumb\",\"itemListElement\":[{\"@type\":\"ListItem\",\"position\":1,\"name\":\"Home\",\"item\":\"https:\\\/\\\/awards.dinacon.ch\\\/fr\\\/\"},{\"@type\":\"ListItem\",\"position\":2,\"name\":\"\u00c0 propos de nous\",\"item\":\"https:\\\/\\\/awards.dinacon.ch\\\/fr\\\/kontakt\\\/\"},{\"@type\":\"ListItem\",\"position\":3,\"name\":\"R\u00e9compenses pass\u00e9es\",\"item\":\"https:\\\/\\\/awards.dinacon.ch\\\/fr\\\/kontakt\\\/awards-passee\\\/\"},{\"@type\":\"ListItem\",\"position\":4,\"name\":\"CH Open Source Awards 2009\"}]},{\"@type\":\"WebSite\",\"@id\":\"https:\\\/\\\/awards.dinacon.ch\\\/#website\",\"url\":\"https:\\\/\\\/awards.dinacon.ch\\\/\",\"name\":\"DINAcon Awards\",\"description\":\"DINAcon Awards\",\"potentialAction\":[{\"@type\":\"SearchAction\",\"target\":{\"@type\":\"EntryPoint\",\"urlTemplate\":\"https:\\\/\\\/awards.dinacon.ch\\\/?s={search_term_string}\"},\"query-input\":{\"@type\":\"PropertyValueSpecification\",\"valueRequired\":true,\"valueName\":\"search_term_string\"}}],\"inLanguage\":\"fr-FR\"}]}<\/script>\n<!-- \/ Yoast SEO Premium plugin. -->","yoast_head_json":{"title":"CH Open Source Awards 2009 &#060; DINAcon Awards","robots":{"index":"index","follow":"follow","max-snippet":"max-snippet:-1","max-image-preview":"max-image-preview:large","max-video-preview":"max-video-preview:-1"},"canonical":"https:\/\/awards.dinacon.ch\/fr\/kontakt\/awards-passee\/ch-open-source-awards-2009\/","og_locale":"fr_FR","og_type":"article","og_title":"CH Open Source Awards 2009","og_description":"Verleihung der CH Open Source Awards 2009 Am Mittwochabend, 23. September 2009, wurden im Rahmen der OpenExpo die Preistr\u00e4ger aus den Nominierten gek\u00fcrt. Dabei zeigte sich einmal mehr, dass die Schweizer Open-Source-Szene lebt. Die Jury hatte keine leichte Aufgabe, als sie aus den spannenden und hochwertigen Bewerbungen die Preistr\u00e4ger k\u00fcrte. Die Projekte, Organisationen und Personen&hellip;","og_url":"https:\/\/awards.dinacon.ch\/fr\/kontakt\/awards-passee\/ch-open-source-awards-2009\/","og_site_name":"DINAcon Awards","og_image":[{"url":"http:\/\/archive.ossawards.ch\/uploads\/pics\/education_1_scaled_01.jpg","type":"","width":"","height":""}],"twitter_card":"summary_large_image","twitter_site":"@ch_open","twitter_misc":{"Dur\u00e9e de lecture estim\u00e9e":"5 minutes"},"schema":{"@context":"https:\/\/schema.org","@graph":[{"@type":"WebPage","@id":"https:\/\/awards.dinacon.ch\/fr\/kontakt\/awards-passee\/ch-open-source-awards-2009\/","url":"https:\/\/awards.dinacon.ch\/fr\/kontakt\/awards-passee\/ch-open-source-awards-2009\/","name":"CH Open Source Awards 2009 &#060; DINAcon Awards","isPartOf":{"@id":"https:\/\/awards.dinacon.ch\/#website"},"primaryImageOfPage":{"@id":"https:\/\/awards.dinacon.ch\/fr\/kontakt\/awards-passee\/ch-open-source-awards-2009\/#primaryimage"},"image":{"@id":"https:\/\/awards.dinacon.ch\/fr\/kontakt\/awards-passee\/ch-open-source-awards-2009\/#primaryimage"},"thumbnailUrl":"http:\/\/archive.ossawards.ch\/uploads\/pics\/education_1_scaled_01.jpg","datePublished":"2020-04-30T10:51:32+00:00","breadcrumb":{"@id":"https:\/\/awards.dinacon.ch\/fr\/kontakt\/awards-passee\/ch-open-source-awards-2009\/#breadcrumb"},"inLanguage":"fr-FR","potentialAction":[{"@type":"ReadAction","target":["https:\/\/awards.dinacon.ch\/fr\/kontakt\/awards-passee\/ch-open-source-awards-2009\/"]}]},{"@type":"ImageObject","inLanguage":"fr-FR","@id":"https:\/\/awards.dinacon.ch\/fr\/kontakt\/awards-passee\/ch-open-source-awards-2009\/#primaryimage","url":"http:\/\/archive.ossawards.ch\/uploads\/pics\/education_1_scaled_01.jpg","contentUrl":"http:\/\/archive.ossawards.ch\/uploads\/pics\/education_1_scaled_01.jpg"},{"@type":"BreadcrumbList","@id":"https:\/\/awards.dinacon.ch\/fr\/kontakt\/awards-passee\/ch-open-source-awards-2009\/#breadcrumb","itemListElement":[{"@type":"ListItem","position":1,"name":"Home","item":"https:\/\/awards.dinacon.ch\/fr\/"},{"@type":"ListItem","position":2,"name":"\u00c0 propos de nous","item":"https:\/\/awards.dinacon.ch\/fr\/kontakt\/"},{"@type":"ListItem","position":3,"name":"R\u00e9compenses pass\u00e9es","item":"https:\/\/awards.dinacon.ch\/fr\/kontakt\/awards-passee\/"},{"@type":"ListItem","position":4,"name":"CH Open Source Awards 2009"}]},{"@type":"WebSite","@id":"https:\/\/awards.dinacon.ch\/#website","url":"https:\/\/awards.dinacon.ch\/","name":"DINAcon Awards","description":"DINAcon Awards","potentialAction":[{"@type":"SearchAction","target":{"@type":"EntryPoint","urlTemplate":"https:\/\/awards.dinacon.ch\/?s={search_term_string}"},"query-input":{"@type":"PropertyValueSpecification","valueRequired":true,"valueName":"search_term_string"}}],"inLanguage":"fr-FR"}]}},"_links":{"self":[{"href":"https:\/\/awards.dinacon.ch\/fr\/wp-json\/wp\/v2\/pages\/9568","targetHints":{"allow":["GET"]}}],"collection":[{"href":"https:\/\/awards.dinacon.ch\/fr\/wp-json\/wp\/v2\/pages"}],"about":[{"href":"https:\/\/awards.dinacon.ch\/fr\/wp-json\/wp\/v2\/types\/page"}],"author":[{"embeddable":true,"href":"https:\/\/awards.dinacon.ch\/fr\/wp-json\/wp\/v2\/users\/124"}],"replies":[{"embeddable":true,"href":"https:\/\/awards.dinacon.ch\/fr\/wp-json\/wp\/v2\/comments?post=9568"}],"version-history":[{"count":0,"href":"https:\/\/awards.dinacon.ch\/fr\/wp-json\/wp\/v2\/pages\/9568\/revisions"}],"up":[{"embeddable":true,"href":"https:\/\/awards.dinacon.ch\/fr\/wp-json\/wp\/v2\/pages\/5417"}],"wp:attachment":[{"href":"https:\/\/awards.dinacon.ch\/fr\/wp-json\/wp\/v2\/media?parent=9568"}],"curies":[{"name":"wp","href":"https:\/\/api.w.org\/{rel}","templated":true}]}}