{"id":9566,"date":"2020-04-30T11:51:32","date_gmt":"2020-04-30T10:51:32","guid":{"rendered":"https:\/\/awards.dinacon.ch\/kontakt\/awards-passee\/ch-open-source-awards-2012\/"},"modified":"2020-04-30T11:51:32","modified_gmt":"2020-04-30T10:51:32","slug":"ch-open-source-awards-2012","status":"publish","type":"page","link":"https:\/\/awards.dinacon.ch\/fr\/kontakt\/awards-passee\/ch-open-source-awards-2012\/","title":{"rendered":"CH Open Source Awards 2012"},"content":{"rendered":"\n<h2 class=\"wp-block-heading\">Die Gewinner der CH Open Source Awards 2012<\/h2>\n\n\n\n<h3 class=\"wp-block-heading\">Gewinner Business Case<\/h3>\n\n\n\n<p>In der Kategorie Business Case konnte das Portail eGov du canton de Vaud am meisten \u00fcberzeugen.<\/p>\n\n\n\n<p>Statement der Jury: Das Portail eGov du canton de Vaud des Etat de Vaud hat grosse Signalwirkung und Vorbildfunktion. Die Verwendung von FOSS k\u00f6nnte noch etwas expliziter erw\u00e4hnt werden k\u00f6nnen. Andererseits wird dies mit der Verleihung des Preises auch publik. Wichtig ist nicht nur die Nutzung der Open Source Software, sondern auch die Contribution, d.h. die Mithilfe bei der Weiterentwicklung und der F\u00f6rderung einer Community. Das Portal ist auch in die generelle Vision des Kantons zu mehr Open Source eingebettet. Wir hoffen, dass der Preis den Kanton Waadt in seiner Zielsetzung unterst\u00fctzt und auch andere Kantone anregt, in dieser Weise zusammenzuarbeiten und L\u00f6sungen mit OSS offen, standardisiert und letztendlich f\u00fcr den Steuerzahler billiger anzubieten.<\/p>\n\n\n\n<h3 class=\"wp-block-heading\">Gewinner Community<\/h3>\n\n\n\n<p>In der Kategorie Community gewann Vala.<\/p>\n\n\n\n<p>Statement der Jury: Der Community Award war die schwierigste Entscheidung. Sehr viele gute Projekte wurden eingereicht. Mit der Programmiersprache VALA wird eine sehr aktive Community mit viel Potential gew\u00fcrdigt. Die Sprache wird in vielen Projekten namentlich im Gnome-Umfeld eingesetzt. Urspr\u00fcnglich wurde die Sprache von Schweizer Studenten entwickelt. Auch der offene Entwicklungsmodus hat die Jury beeindruckt.<br>Die Jury hofft, andere Studenten zu inspirieren, Projekte zu entwickeln und Communities zu bilden. Die Schweiz lebt von Innovationen.<a href=\"http:\/\/archive.ossawards.ch\/index.php?eID=tx_cms_showpic&amp;file=uploads%2Fpics%2FDSC02879.JPG&amp;md5=560d7ed58ecffd3a06b97849afc7aa47d501cd17&amp;parameters[0]=YTo0OntzOjU6IndpZHRoIjtzOjM6IjY3MCI7czo2OiJoZWlnaHQiO3M6NDoiNjAw&amp;parameters[1]=bSI7czo3OiJib2R5VGFnIjtzOjQxOiI8Ym9keSBzdHlsZT0ibWFyZ2luOjA7IGJh&amp;parameters[2]=Y2tncm91bmQ6I2ZmZjsiPiI7czo0OiJ3cmFwIjtzOjM3OiI8YSBocmVmPSJqYXZh&amp;parameters[3]=c2NyaXB0OmNsb3NlKCk7Ij4gfCA8L2E%2BIjt9\"><\/a>Boris Kraft (Magnolia), J\u00fcrg Billeter (Vala)<\/p>\n\n\n\n<h3 class=\"wp-block-heading\">Gewinner Youth<\/h3>\n\n\n\n<p>Die Kategorie Youth wurde von St\u00e9phane Graber gewonnen.<\/p>\n\n\n\n<p>Die Jury w\u00fcrdigt die Arbeit von St\u00e9phane Graber, der seit seinem 18. Lebensjahr an Ubuntu mitentwickelt. Es ist m\u00f6glich, bereits in diesem Alter als Contributor bei einem bedeutenden Open Source Projekt mitzuwirken. Die Jury hofft, dass sein Vorbild andere inspiriert, sich in Projekte einzubringen und damit die Zukunft mitzugestalten.<a href=\"http:\/\/archive.ossawards.ch\/index.php?eID=tx_cms_showpic&amp;file=uploads%2Fpics%2Fphoto_stephane_graber.jpg&amp;md5=d6092ee7b8c11e9a4d37ccf43832cdb915b55246&amp;parameters[0]=YTo0OntzOjU6IndpZHRoIjtzOjM6IjY3MCI7czo2OiJoZWlnaHQiO3M6NDoiNjAw&amp;parameters[1]=bSI7czo3OiJib2R5VGFnIjtzOjQxOiI8Ym9keSBzdHlsZT0ibWFyZ2luOjA7IGJh&amp;parameters[2]=Y2tncm91bmQ6I2ZmZjsiPiI7czo0OiJ3cmFwIjtzOjM3OiI8YSBocmVmPSJqYXZh&amp;parameters[3]=c2NyaXB0OmNsb3NlKCk7Ij4gfCA8L2E%2BIjt9\"><\/a>St\u00e9phane Graber<a href=\"http:\/\/archive.ossawards.ch\/index.php?eID=tx_cms_showpic&amp;file=uploads%2Fpics%2FDSC02905.JPG&amp;md5=efe31beab2daa852f637a249036e072492bca21c&amp;parameters[0]=YTo0OntzOjU6IndpZHRoIjtzOjM6IjY3MCI7czo2OiJoZWlnaHQiO3M6NDoiNjAw&amp;parameters[1]=bSI7czo3OiJib2R5VGFnIjtzOjQxOiI8Ym9keSBzdHlsZT0ibWFyZ2luOjA7IGJh&amp;parameters[2]=Y2tncm91bmQ6I2ZmZjsiPiI7czo0OiJ3cmFwIjtzOjM3OiI8YSBocmVmPSJqYXZh&amp;parameters[3]=c2NyaXB0OmNsb3NlKCk7Ij4gfCA8L2E%2BIjt9\"><\/a>David Krebs (Mimacom), Dragica Kahlina in Vertretung St\u00e9phane Graber, da dieser inzwischen in Kanada arbeitet<\/p>\n\n\n\n<h3 class=\"wp-block-heading\">Gewinner Spezialpreis<\/h3>\n\n\n\n<p>Ein Special Award wurde an OpenJustitia vergeben.<\/p>\n\n\n\n<p>Statement der Jury: Der Einsatz von Open-Source in der \u00f6ffentlichen Verwaltung ist heute kein Novum mehr. Als Bundesgericht selber eine Software zu entwickeln, also sozusagen als Softwarehersteller zu agieren, und diese Software konsequent quelloffen zur Verf\u00fcgung zu stellen, ist hingegen in der Schweiz eine Pionierleistung, welche die Jury beeindruckt hat. Daher haben wir uns entschlossen, dieses Jahr einen Sonderpreis f\u00fcr OpenJustitia zu verleihen. Damit w\u00fcrdigen wir den Mut, neue Wege zu gehen, die Arbeit, eine Community aufzubauen und die Weitsicht des Bundesgerichts, durch ihre Initiative dem Steuerzahler langfristig Kosten zu sparen.<a href=\"http:\/\/archive.ossawards.ch\/index.php?eID=tx_cms_showpic&amp;file=uploads%2Fpics%2FDSC02917.JPG&amp;md5=ab56a9fb0aab37d0572b48de9d4a1fd3b515791e&amp;parameters[0]=YTo0OntzOjU6IndpZHRoIjtzOjM6IjY3MCI7czo2OiJoZWlnaHQiO3M6NDoiNjAw&amp;parameters[1]=bSI7czo3OiJib2R5VGFnIjtzOjQxOiI8Ym9keSBzdHlsZT0ibWFyZ2luOjA7IGJh&amp;parameters[2]=Y2tncm91bmQ6I2ZmZjsiPiI7czo0OiJ3cmFwIjtzOjM3OiI8YSBocmVmPSJqYXZh&amp;parameters[3]=c2NyaXB0OmNsb3NlKCk7Ij4gfCA8L2E%2BIjt9\"><\/a>Mat\u00edas E. Fern\u00e1ndez (nine.ch), Marc von Weissenfluh (Bundesgericht)<\/p>\n","protected":false},"excerpt":{"rendered":"<p>Die Gewinner der CH Open Source Awards 2012 Gewinner Business Case In der Kategorie Business Case konnte das Portail eGov du canton de Vaud am meisten \u00fcberzeugen. Statement der Jury: Das Portail eGov du canton de Vaud des Etat de Vaud hat grosse Signalwirkung und Vorbildfunktion. Die Verwendung von FOSS k\u00f6nnte noch etwas expliziter erw\u00e4hnt&hellip;<\/p>\n","protected":false},"author":124,"featured_media":0,"parent":5417,"menu_order":0,"comment_status":"closed","ping_status":"closed","template":"","meta":{"_acf_changed":false,"footnotes":""},"class_list":["post-9566","page","type-page","status-publish","hentry"],"acf":[],"yoast_head":"<!-- This site is optimized with the Yoast SEO Premium plugin v22.2 (Yoast SEO v27.3) - https:\/\/yoast.com\/product\/yoast-seo-premium-wordpress\/ -->\n<title>CH Open Source Awards 2012 &#060; DINAcon Awards<\/title>\n<meta name=\"robots\" content=\"index, follow, max-snippet:-1, max-image-preview:large, max-video-preview:-1\" \/>\n<link rel=\"canonical\" href=\"https:\/\/awards.dinacon.ch\/fr\/kontakt\/awards-passee\/ch-open-source-awards-2012\/\" \/>\n<meta property=\"og:locale\" content=\"fr_FR\" \/>\n<meta property=\"og:type\" content=\"article\" \/>\n<meta property=\"og:title\" content=\"CH Open Source Awards 2012\" \/>\n<meta property=\"og:description\" content=\"Die Gewinner der CH Open Source Awards 2012 Gewinner Business Case In der Kategorie Business Case konnte das Portail eGov du canton de Vaud am meisten \u00fcberzeugen. Statement der Jury: Das Portail eGov du canton de Vaud des Etat de Vaud hat grosse Signalwirkung und Vorbildfunktion. Die Verwendung von FOSS k\u00f6nnte noch etwas expliziter erw\u00e4hnt&hellip;\" \/>\n<meta property=\"og:url\" content=\"https:\/\/awards.dinacon.ch\/fr\/kontakt\/awards-passee\/ch-open-source-awards-2012\/\" \/>\n<meta property=\"og:site_name\" content=\"DINAcon Awards\" \/>\n<meta property=\"og:image\" content=\"https:\/\/awards.dinacon.ch\/wp-content\/uploads\/sites\/7\/2021\/09\/photo_2021-09-23_18-10-25.jpeg\" \/>\n\t<meta property=\"og:image:width\" content=\"1280\" \/>\n\t<meta property=\"og:image:height\" content=\"721\" \/>\n\t<meta property=\"og:image:type\" content=\"image\/jpeg\" \/>\n<meta name=\"twitter:card\" content=\"summary_large_image\" \/>\n<meta name=\"twitter:site\" content=\"@ch_open\" \/>\n<meta name=\"twitter:label1\" content=\"Dur\u00e9e de lecture estim\u00e9e\" \/>\n\t<meta name=\"twitter:data1\" content=\"2 minutes\" \/>\n<script type=\"application\/ld+json\" class=\"yoast-schema-graph\">{\"@context\":\"https:\\\/\\\/schema.org\",\"@graph\":[{\"@type\":\"WebPage\",\"@id\":\"https:\\\/\\\/awards.dinacon.ch\\\/fr\\\/kontakt\\\/awards-passee\\\/ch-open-source-awards-2012\\\/\",\"url\":\"https:\\\/\\\/awards.dinacon.ch\\\/fr\\\/kontakt\\\/awards-passee\\\/ch-open-source-awards-2012\\\/\",\"name\":\"CH Open Source Awards 2012 &#060; DINAcon Awards\",\"isPartOf\":{\"@id\":\"https:\\\/\\\/awards.dinacon.ch\\\/#website\"},\"datePublished\":\"2020-04-30T10:51:32+00:00\",\"breadcrumb\":{\"@id\":\"https:\\\/\\\/awards.dinacon.ch\\\/fr\\\/kontakt\\\/awards-passee\\\/ch-open-source-awards-2012\\\/#breadcrumb\"},\"inLanguage\":\"fr-FR\",\"potentialAction\":[{\"@type\":\"ReadAction\",\"target\":[\"https:\\\/\\\/awards.dinacon.ch\\\/fr\\\/kontakt\\\/awards-passee\\\/ch-open-source-awards-2012\\\/\"]}]},{\"@type\":\"BreadcrumbList\",\"@id\":\"https:\\\/\\\/awards.dinacon.ch\\\/fr\\\/kontakt\\\/awards-passee\\\/ch-open-source-awards-2012\\\/#breadcrumb\",\"itemListElement\":[{\"@type\":\"ListItem\",\"position\":1,\"name\":\"Home\",\"item\":\"https:\\\/\\\/awards.dinacon.ch\\\/fr\\\/\"},{\"@type\":\"ListItem\",\"position\":2,\"name\":\"\u00c0 propos de nous\",\"item\":\"https:\\\/\\\/awards.dinacon.ch\\\/fr\\\/kontakt\\\/\"},{\"@type\":\"ListItem\",\"position\":3,\"name\":\"R\u00e9compenses pass\u00e9es\",\"item\":\"https:\\\/\\\/awards.dinacon.ch\\\/fr\\\/kontakt\\\/awards-passee\\\/\"},{\"@type\":\"ListItem\",\"position\":4,\"name\":\"CH Open Source Awards 2012\"}]},{\"@type\":\"WebSite\",\"@id\":\"https:\\\/\\\/awards.dinacon.ch\\\/#website\",\"url\":\"https:\\\/\\\/awards.dinacon.ch\\\/\",\"name\":\"DINAcon Awards\",\"description\":\"DINAcon Awards\",\"potentialAction\":[{\"@type\":\"SearchAction\",\"target\":{\"@type\":\"EntryPoint\",\"urlTemplate\":\"https:\\\/\\\/awards.dinacon.ch\\\/?s={search_term_string}\"},\"query-input\":{\"@type\":\"PropertyValueSpecification\",\"valueRequired\":true,\"valueName\":\"search_term_string\"}}],\"inLanguage\":\"fr-FR\"}]}<\/script>\n<!-- \/ Yoast SEO Premium plugin. -->","yoast_head_json":{"title":"CH Open Source Awards 2012 &#060; DINAcon Awards","robots":{"index":"index","follow":"follow","max-snippet":"max-snippet:-1","max-image-preview":"max-image-preview:large","max-video-preview":"max-video-preview:-1"},"canonical":"https:\/\/awards.dinacon.ch\/fr\/kontakt\/awards-passee\/ch-open-source-awards-2012\/","og_locale":"fr_FR","og_type":"article","og_title":"CH Open Source Awards 2012","og_description":"Die Gewinner der CH Open Source Awards 2012 Gewinner Business Case In der Kategorie Business Case konnte das Portail eGov du canton de Vaud am meisten \u00fcberzeugen. Statement der Jury: Das Portail eGov du canton de Vaud des Etat de Vaud hat grosse Signalwirkung und Vorbildfunktion. Die Verwendung von FOSS k\u00f6nnte noch etwas expliziter erw\u00e4hnt&hellip;","og_url":"https:\/\/awards.dinacon.ch\/fr\/kontakt\/awards-passee\/ch-open-source-awards-2012\/","og_site_name":"DINAcon Awards","og_image":[{"width":1280,"height":721,"url":"https:\/\/awards.dinacon.ch\/wp-content\/uploads\/sites\/7\/2021\/09\/photo_2021-09-23_18-10-25.jpeg","type":"image\/jpeg"}],"twitter_card":"summary_large_image","twitter_site":"@ch_open","twitter_misc":{"Dur\u00e9e de lecture estim\u00e9e":"2 minutes"},"schema":{"@context":"https:\/\/schema.org","@graph":[{"@type":"WebPage","@id":"https:\/\/awards.dinacon.ch\/fr\/kontakt\/awards-passee\/ch-open-source-awards-2012\/","url":"https:\/\/awards.dinacon.ch\/fr\/kontakt\/awards-passee\/ch-open-source-awards-2012\/","name":"CH Open Source Awards 2012 &#060; DINAcon Awards","isPartOf":{"@id":"https:\/\/awards.dinacon.ch\/#website"},"datePublished":"2020-04-30T10:51:32+00:00","breadcrumb":{"@id":"https:\/\/awards.dinacon.ch\/fr\/kontakt\/awards-passee\/ch-open-source-awards-2012\/#breadcrumb"},"inLanguage":"fr-FR","potentialAction":[{"@type":"ReadAction","target":["https:\/\/awards.dinacon.ch\/fr\/kontakt\/awards-passee\/ch-open-source-awards-2012\/"]}]},{"@type":"BreadcrumbList","@id":"https:\/\/awards.dinacon.ch\/fr\/kontakt\/awards-passee\/ch-open-source-awards-2012\/#breadcrumb","itemListElement":[{"@type":"ListItem","position":1,"name":"Home","item":"https:\/\/awards.dinacon.ch\/fr\/"},{"@type":"ListItem","position":2,"name":"\u00c0 propos de nous","item":"https:\/\/awards.dinacon.ch\/fr\/kontakt\/"},{"@type":"ListItem","position":3,"name":"R\u00e9compenses pass\u00e9es","item":"https:\/\/awards.dinacon.ch\/fr\/kontakt\/awards-passee\/"},{"@type":"ListItem","position":4,"name":"CH Open Source Awards 2012"}]},{"@type":"WebSite","@id":"https:\/\/awards.dinacon.ch\/#website","url":"https:\/\/awards.dinacon.ch\/","name":"DINAcon Awards","description":"DINAcon Awards","potentialAction":[{"@type":"SearchAction","target":{"@type":"EntryPoint","urlTemplate":"https:\/\/awards.dinacon.ch\/?s={search_term_string}"},"query-input":{"@type":"PropertyValueSpecification","valueRequired":true,"valueName":"search_term_string"}}],"inLanguage":"fr-FR"}]}},"_links":{"self":[{"href":"https:\/\/awards.dinacon.ch\/fr\/wp-json\/wp\/v2\/pages\/9566","targetHints":{"allow":["GET"]}}],"collection":[{"href":"https:\/\/awards.dinacon.ch\/fr\/wp-json\/wp\/v2\/pages"}],"about":[{"href":"https:\/\/awards.dinacon.ch\/fr\/wp-json\/wp\/v2\/types\/page"}],"author":[{"embeddable":true,"href":"https:\/\/awards.dinacon.ch\/fr\/wp-json\/wp\/v2\/users\/124"}],"replies":[{"embeddable":true,"href":"https:\/\/awards.dinacon.ch\/fr\/wp-json\/wp\/v2\/comments?post=9566"}],"version-history":[{"count":0,"href":"https:\/\/awards.dinacon.ch\/fr\/wp-json\/wp\/v2\/pages\/9566\/revisions"}],"up":[{"embeddable":true,"href":"https:\/\/awards.dinacon.ch\/fr\/wp-json\/wp\/v2\/pages\/5417"}],"wp:attachment":[{"href":"https:\/\/awards.dinacon.ch\/fr\/wp-json\/wp\/v2\/media?parent=9566"}],"curies":[{"name":"wp","href":"https:\/\/api.w.org\/{rel}","templated":true}]}}