{"id":5406,"date":"2019-04-05T13:03:04","date_gmt":"2019-04-05T12:03:04","guid":{"rendered":"http:\/\/awards.dinacon.ch\/?page_id=5406"},"modified":"2021-09-17T20:45:53","modified_gmt":"2021-09-17T19:45:53","slug":"entree-de-projet","status":"publish","type":"page","link":"https:\/\/awards.dinacon.ch\/fr\/entree-de-projet\/","title":{"rendered":"Nomination de projet"},"content":{"rendered":"<h1>\n\t\tDINAcon Awards 2019\n\t<\/h1>\n\t<p>Les prix DINAcon r\u00e9compensent les projets ouverts des communaut\u00e9s, des entreprises, des administrations, des organisations et des particuliers. La date limite de soumission est fix\u00e9e au 15.07.2019. Les projets de toute l&#8217;Europe sont \u00e9ligibles. La participation est gratuite. Les projets nomin\u00e9s seront invit\u00e9s \u00e0 la conf\u00e9rence sur la durabilit\u00e9 num\u00e9rique DINAcon, la c\u00e9r\u00e9monie de remise des prix se d\u00e9roulant le 18 octobre 2019. Les laur\u00e9ats des DINAcon Awards 2019 sont automatiquement nomin\u00e9s pour les SwissICT &#8220;Digital Economy Awards&#8221;.<\/p>\n","protected":false},"excerpt":{"rendered":"<p>DINAcon Awards 2019 Les prix DINAcon r\u00e9compensent les projets ouverts des communaut\u00e9s, des entreprises, des administrations, des organisations et des particuliers. La date limite de soumission est fix\u00e9e au 15.07.2019. Les projets de toute l&#8217;Europe sont \u00e9ligibles. La participation est gratuite. Les projets nomin\u00e9s seront invit\u00e9s \u00e0 la conf\u00e9rence sur la durabilit\u00e9 num\u00e9rique DINAcon, la&hellip;<\/p>\n","protected":false},"author":6,"featured_media":0,"parent":0,"menu_order":0,"comment_status":"closed","ping_status":"closed","template":"awards\/awards.php","meta":{"_acf_changed":false,"footnotes":""},"class_list":["post-5406","page","type-page","status-publish","hentry"],"acf":[],"yoast_head":"<!-- This site is optimized with the Yoast SEO Premium plugin v22.2 (Yoast SEO v27.3) - https:\/\/yoast.com\/product\/yoast-seo-premium-wordpress\/ -->\n<title>Nomination de projet &#060; DINAcon Awards<\/title>\n<meta name=\"robots\" content=\"index, follow, max-snippet:-1, max-image-preview:large, max-video-preview:-1\" \/>\n<link rel=\"canonical\" href=\"https:\/\/awards.dinacon.ch\/fr\/entree-de-projet\/\" \/>\n<meta property=\"og:locale\" content=\"fr_FR\" \/>\n<meta property=\"og:type\" content=\"article\" \/>\n<meta property=\"og:title\" content=\"Nomination de projet\" \/>\n<meta property=\"og:description\" content=\"DINAcon Awards 2019 Les prix DINAcon r\u00e9compensent les projets ouverts des communaut\u00e9s, des entreprises, des administrations, des organisations et des particuliers. La date limite de soumission est fix\u00e9e au 15.07.2019. Les projets de toute l&#8217;Europe sont \u00e9ligibles. La participation est gratuite. Les projets nomin\u00e9s seront invit\u00e9s \u00e0 la conf\u00e9rence sur la durabilit\u00e9 num\u00e9rique DINAcon, la&hellip;\" \/>\n<meta property=\"og:url\" content=\"https:\/\/awards.dinacon.ch\/fr\/entree-de-projet\/\" \/>\n<meta property=\"og:site_name\" content=\"DINAcon Awards\" \/>\n<meta property=\"article:modified_time\" content=\"2021-09-17T19:45:53+00:00\" \/>\n<meta property=\"og:image\" content=\"https:\/\/awards.dinacon.ch\/wp-content\/uploads\/sites\/7\/2021\/09\/photo_2021-09-23_18-10-25.jpeg\" \/>\n\t<meta property=\"og:image:width\" content=\"1280\" \/>\n\t<meta property=\"og:image:height\" content=\"721\" \/>\n\t<meta property=\"og:image:type\" content=\"image\/jpeg\" \/>\n<meta name=\"twitter:card\" content=\"summary_large_image\" \/>\n<meta name=\"twitter:site\" content=\"@ch_open\" \/>\n<script type=\"application\/ld+json\" class=\"yoast-schema-graph\">{\"@context\":\"https:\\\/\\\/schema.org\",\"@graph\":[{\"@type\":\"WebPage\",\"@id\":\"https:\\\/\\\/awards.dinacon.ch\\\/fr\\\/entree-de-projet\\\/\",\"url\":\"https:\\\/\\\/awards.dinacon.ch\\\/fr\\\/entree-de-projet\\\/\",\"name\":\"Nomination de projet &#060; DINAcon Awards\",\"isPartOf\":{\"@id\":\"https:\\\/\\\/awards.dinacon.ch\\\/#website\"},\"datePublished\":\"2019-04-05T12:03:04+00:00\",\"dateModified\":\"2021-09-17T19:45:53+00:00\",\"breadcrumb\":{\"@id\":\"https:\\\/\\\/awards.dinacon.ch\\\/fr\\\/entree-de-projet\\\/#breadcrumb\"},\"inLanguage\":\"fr-FR\",\"potentialAction\":[{\"@type\":\"ReadAction\",\"target\":[\"https:\\\/\\\/awards.dinacon.ch\\\/fr\\\/entree-de-projet\\\/\"]}]},{\"@type\":\"BreadcrumbList\",\"@id\":\"https:\\\/\\\/awards.dinacon.ch\\\/fr\\\/entree-de-projet\\\/#breadcrumb\",\"itemListElement\":[{\"@type\":\"ListItem\",\"position\":1,\"name\":\"Home\",\"item\":\"https:\\\/\\\/awards.dinacon.ch\\\/fr\\\/\"},{\"@type\":\"ListItem\",\"position\":2,\"name\":\"Nomination de projet\"}]},{\"@type\":\"WebSite\",\"@id\":\"https:\\\/\\\/awards.dinacon.ch\\\/#website\",\"url\":\"https:\\\/\\\/awards.dinacon.ch\\\/\",\"name\":\"DINAcon Awards\",\"description\":\"DINAcon Awards\",\"potentialAction\":[{\"@type\":\"SearchAction\",\"target\":{\"@type\":\"EntryPoint\",\"urlTemplate\":\"https:\\\/\\\/awards.dinacon.ch\\\/?s={search_term_string}\"},\"query-input\":{\"@type\":\"PropertyValueSpecification\",\"valueRequired\":true,\"valueName\":\"search_term_string\"}}],\"inLanguage\":\"fr-FR\"}]}<\/script>\n<!-- \/ Yoast SEO Premium plugin. -->","yoast_head_json":{"title":"Nomination de projet &#060; DINAcon Awards","robots":{"index":"index","follow":"follow","max-snippet":"max-snippet:-1","max-image-preview":"max-image-preview:large","max-video-preview":"max-video-preview:-1"},"canonical":"https:\/\/awards.dinacon.ch\/fr\/entree-de-projet\/","og_locale":"fr_FR","og_type":"article","og_title":"Nomination de projet","og_description":"DINAcon Awards 2019 Les prix DINAcon r\u00e9compensent les projets ouverts des communaut\u00e9s, des entreprises, des administrations, des organisations et des particuliers. La date limite de soumission est fix\u00e9e au 15.07.2019. Les projets de toute l&#8217;Europe sont \u00e9ligibles. La participation est gratuite. Les projets nomin\u00e9s seront invit\u00e9s \u00e0 la conf\u00e9rence sur la durabilit\u00e9 num\u00e9rique DINAcon, la&hellip;","og_url":"https:\/\/awards.dinacon.ch\/fr\/entree-de-projet\/","og_site_name":"DINAcon Awards","article_modified_time":"2021-09-17T19:45:53+00:00","og_image":[{"width":1280,"height":721,"url":"https:\/\/awards.dinacon.ch\/wp-content\/uploads\/sites\/7\/2021\/09\/photo_2021-09-23_18-10-25.jpeg","type":"image\/jpeg"}],"twitter_card":"summary_large_image","twitter_site":"@ch_open","schema":{"@context":"https:\/\/schema.org","@graph":[{"@type":"WebPage","@id":"https:\/\/awards.dinacon.ch\/fr\/entree-de-projet\/","url":"https:\/\/awards.dinacon.ch\/fr\/entree-de-projet\/","name":"Nomination de projet &#060; DINAcon Awards","isPartOf":{"@id":"https:\/\/awards.dinacon.ch\/#website"},"datePublished":"2019-04-05T12:03:04+00:00","dateModified":"2021-09-17T19:45:53+00:00","breadcrumb":{"@id":"https:\/\/awards.dinacon.ch\/fr\/entree-de-projet\/#breadcrumb"},"inLanguage":"fr-FR","potentialAction":[{"@type":"ReadAction","target":["https:\/\/awards.dinacon.ch\/fr\/entree-de-projet\/"]}]},{"@type":"BreadcrumbList","@id":"https:\/\/awards.dinacon.ch\/fr\/entree-de-projet\/#breadcrumb","itemListElement":[{"@type":"ListItem","position":1,"name":"Home","item":"https:\/\/awards.dinacon.ch\/fr\/"},{"@type":"ListItem","position":2,"name":"Nomination de projet"}]},{"@type":"WebSite","@id":"https:\/\/awards.dinacon.ch\/#website","url":"https:\/\/awards.dinacon.ch\/","name":"DINAcon Awards","description":"DINAcon Awards","potentialAction":[{"@type":"SearchAction","target":{"@type":"EntryPoint","urlTemplate":"https:\/\/awards.dinacon.ch\/?s={search_term_string}"},"query-input":{"@type":"PropertyValueSpecification","valueRequired":true,"valueName":"search_term_string"}}],"inLanguage":"fr-FR"}]}},"_links":{"self":[{"href":"https:\/\/awards.dinacon.ch\/fr\/wp-json\/wp\/v2\/pages\/5406","targetHints":{"allow":["GET"]}}],"collection":[{"href":"https:\/\/awards.dinacon.ch\/fr\/wp-json\/wp\/v2\/pages"}],"about":[{"href":"https:\/\/awards.dinacon.ch\/fr\/wp-json\/wp\/v2\/types\/page"}],"author":[{"embeddable":true,"href":"https:\/\/awards.dinacon.ch\/fr\/wp-json\/wp\/v2\/users\/6"}],"replies":[{"embeddable":true,"href":"https:\/\/awards.dinacon.ch\/fr\/wp-json\/wp\/v2\/comments?post=5406"}],"version-history":[{"count":3,"href":"https:\/\/awards.dinacon.ch\/fr\/wp-json\/wp\/v2\/pages\/5406\/revisions"}],"predecessor-version":[{"id":9499,"href":"https:\/\/awards.dinacon.ch\/fr\/wp-json\/wp\/v2\/pages\/5406\/revisions\/9499"}],"wp:attachment":[{"href":"https:\/\/awards.dinacon.ch\/fr\/wp-json\/wp\/v2\/media?parent=5406"}],"curies":[{"name":"wp","href":"https:\/\/api.w.org\/{rel}","templated":true}]}}