{"id":2419,"date":"2019-03-18T06:07:25","date_gmt":"2019-03-18T06:07:25","guid":{"rendered":"http:\/\/awards.dinacon.ch\/home\/"},"modified":"2023-02-17T22:16:40","modified_gmt":"2023-02-17T21:16:40","slug":"home","status":"publish","type":"page","link":"https:\/\/awards.dinacon.ch\/fr\/","title":{"rendered":"Accueil"},"content":{"rendered":"\n<h3>\n\t\tPrix DINAcon\n\t<\/h3>\n\t<p>Les<strong> Prix DINAcon<\/strong> r\u00e9compenseront des projets dans les 4 cat\u00e9gories suivantes en 2021<\/p>\n<p>&#8220;Open Data&#8221; Award<a id=\"user-content-open-business-award\" href=\"https:\/\/github.com\/DINAcon\/awards#open-business-award\" aria-hidden=\"true\"><\/a><\/p>\n<p><a id=\"user-content-open-government-award\" href=\"https:\/\/github.com\/DINAcon\/awards#open-government-award\" aria-hidden=\"true\"><\/a>&#8220;Open Government&#8221; Award<\/p>\n<p><a id=\"user-content-best-newcomer-award\" href=\"https:\/\/github.com\/DINAcon\/awards#best-newcomer-award\" aria-hidden=\"true\"><\/a>&#8220;Best Newcomer&#8221; Award<\/p>\n<p><a id=\"user-content-open-community-award\" href=\"https:\/\/github.com\/DINAcon\/awards#open-community-award\" aria-hidden=\"true\"><\/a>&#8220;Open Community&#8221; Award<a id=\"user-content-open-learning-award\" href=\"https:\/\/github.com\/DINAcon\/awards#open-learning-award\" aria-hidden=\"true\"><\/a><\/p>\n<p>. La participation est gratuite, les projets de toute l&#8217;Europe sont \u00e9ligibles. <\/p>\n\t\t\t<a href=\"https:\/\/awards.dinacon.ch\/fr\/categories-des-prix-dinacon\/\" target=\"_self\" role=\"button\" rel=\"noopener\">\n\t\t\t\t\t\t\tCat\u00e9gories de r\u00e9compenses\n\t\t\t\t\t<\/a>\n<h3>\n\t\tNomination 2021\n\t<\/h3>\n\t<p>Le catalogue des projets finalistes du prix de cette ann\u00e9e est connu ! Nous sommes heureux de pouvoir nominer 12 projets pour les DINAcon Awards. Le jury se prononcera sur 4 projets laur\u00e9ats au cours des prochaines semaines, qui seront r\u00e9compens\u00e9s en direct le 29 octobre.<\/p>\n\t\t\t<a href=\"https:\/\/awards.dinacon.ch\/fr\/candidatures-aux-prix-dinacon-2021\/\" target=\"_self\" role=\"button\" rel=\"noopener\">\n\t\t\t\t\t\t\tNominations 2021\n\t\t\t\t\t<\/a>\n<h3>\n\t\tDINAcon 2020\n\t<\/h3>\n\t<p>Les laur\u00e9ats des DINAcon Awards 2021 seront honor\u00e9s en direct \u00e0 B\u00e2le en 2021 et, bien s\u00fbr, invit\u00e9s \u00e0 la conf\u00e9rence. Vous pouvez vous attendre \u00e0 un public diversifi\u00e9 avec des repr\u00e9sentants de la communaut\u00e9, des entreprises et du secteur public. Toutes les candidatures sont publi\u00e9es sur notre site Internet.<\/p>\n\t\t\t<a href=\"https:\/\/dinacon.ch\/tickets\/\" target=\"_self\" role=\"button\" rel=\"noopener\">\n\t\t\t\t\t\t\tR\u00e9trospective\n\t\t\t\t\t<\/a>\n<h3>\n\t\tLaur\u00e9ats des DINAcon Awards 2020\n\t<\/h3>\n\t<p>Notre jury a s\u00e9lectionn\u00e9 6 projets particuli\u00e8rement remarquables sur un total de 26 candidatures.<\/p>\n<p>jOSM &#8211; Plugin de transport public<\/p>\n<p>Portail de donn\u00e9es de la ville de B\u00e2le<\/p>\n<p>DP3T &#8211; Suivi de proximit\u00e9 d\u00e9centralis\u00e9 pr\u00e9servant la confidentialit\u00e9<\/p>\n<p>LibreOffice<\/p>\n<p>Fondation Eclipse<\/p>\n<p>Apprenez comme les pros<\/p>\n\t\t\t<a href=\"https:\/\/awards.dinacon.ch\/fr\/gewinner2020\/\" target=\"_blank\" role=\"button\" rel=\"noopener\">\n\t\t\t\t\t\t\tGagnant 2020\n\t\t\t\t\t<\/a>\n\t<h2>Articles de blog<\/h2>\n\t\t<h3>Le jury des DINAcon Awards 2020<\/h3>\t\t\n\t\t\t<p>&nbsp;<\/p>\n<p>&nbsp;<\/p>\n<table>\n<tbody>\n<tr>\n<td><strong><a href=\"https:\/\/www.linkedin.com\/in\/christian-n%C3%BCssli-26609186\/?originalSubdomain=ch\">Christian N\u00fcssli<\/a><\/strong><\/td>\n<td>Responsable d&#8217;application chez Protection et Secours Zurich<\/td>\n\n<td><strong><a href=\"https:\/\/www.linkedin.com\/in\/bhulliger\/\" rel=\"nofollow\">Brigitte Hulliger<\/a><\/strong><\/td>\n<td>Fondateur, Break The Box<\/td>\n<\/tr>\n<tr>\n<td><strong><a href=\"https:\/\/www.linkedin.com\/in\/giammi\/\" rel=\"nofollow\">Gian-Maria Daffr\u00e9<\/a><\/strong><\/td>\n<td>FSFE, Groupe local Zurich<\/td>\n\n<td><strong><a href=\"https:\/\/www.linkedin.com\/in\/ninomueller\/\" rel=\"nofollow\">Nino M\u00fcller<\/a><\/strong><\/td>\n<td>Membre du Directoire,<a href=\"http:\/\/substring.ch\"> Sous-cha\u00eene<\/a><\/td>\n<\/tr>\n<tr>\n<td><a href=\"https:\/\/www.linkedin.com\/in\/stefan-oderbolz-5212214\/?originalSubdomain=ch\"><strong>Stefan Oderbolz<\/strong><\/a><\/td>\n<td>Sp\u00e9cialiste Open Data chez Statistics City of Zurich<\/td>\n\n<td><a href=\"https:\/\/www.linkedin.com\/in\/linda-sulzer-a062999a\/?originalSubdomain=ch\"><strong>Linda Sulzer<\/strong><\/a><\/td>\n<td>Chef de projet chez Migros Pioneer Fund<\/td>\n<\/tr>\n<tr>\n<td><strong><a href=\"https:\/\/www.linkedin.com\/in\/jonas-bieri-4a0aa4122\/?originalSubdomain=ch\">Jonas Bieri<\/a><\/strong><\/td>\n<td>Responsable de la gestion des donn\u00e9es et des processus chez Open Government Data, canton de B\u00e2le-Ville<\/td>\n\n<td><strong><a href=\"https:\/\/marcel-waldvogel.ch\/\">Marcel Waldvogel<\/a><\/strong><\/td>\n\n<\/tr>\n<tr>\n<td><strong><a href=\"https:\/\/www.linkedin.com\/in\/daniela-koller-04232992\/?originalSubdomain=ch\">Daniela Koller<\/a><\/strong><\/td>\n<td>Coordinateur Open Government Data \/ Chercheur associ\u00e9 dans le canton de Thurgovie<\/td>\n\n<td><strong><a href=\"https:\/\/www.linkedin.com\/in\/urs-f%C3%A4ssler-09999194\/\" rel=\"nofollow\">Urs F\u00e4ssler<\/a><\/strong><\/td>\n<td>Ing\u00e9nieur logiciel senior, CARU<\/td>\n<\/tr>\n<tr>\n<td><a href=\"https:\/\/www.linkedin.com\/in\/etiennedysli\/?originalSubdomain=ch\"><strong>Etienne Dysli Metref<\/strong><\/a><\/td>\n<td>ing\u00e9nieur logiciel, SWITCH<\/td>\n\n<td><strong><a href=\"https:\/\/www.linkedin.com\/in\/rahel-ryf-54a4b4160\/\" rel=\"nofollow\">Rahel Ryf<\/a><\/strong><\/td>\n<td>Plateforme de donn\u00e9es ouvertes \u00d6V Schweiz, fondateur de tipo.ch<\/td>\n<\/tr>\n<tr>\n<td><strong><a href=\"https:\/\/www.linkedin.com\/in\/jean-luc-cochard-b2465\/?originalSubdomain=ch\">Jean-Luc Cochard<\/a><\/strong><\/td>\n<td>Chef de l&#8217;unit\u00e9 informatique aux Archives f\u00e9d\u00e9rales suisses<\/td>\n\n\n\n<\/tr>\n<tr>\n\n\n\n\n\n<\/tr>\n<tr>\n\n\n\n\n\n<\/tr>\n<tr>\n\n\n\n<td>&nbsp;\n<p>&nbsp;<\/p>\n&nbsp;<\/td>\n<td>&nbsp;\n<p>&nbsp;<\/p>\n&nbsp;<\/td>\n<\/tr>\n<\/tbody>\n<\/table>\n\t\t\t\t<img loading=\"lazy\" decoding=\"async\" src=\"https:\/\/awards.dinacon.ch\/wp-content\/uploads\/sites\/7\/2019\/04\/DINAcon_awards_Preise.jpg\" alt=\"Preise der DINAcon Awards 2018\" itemprop=\"image\" height=\"681\" width=\"1024\" title=\"DINAcon_awards_Preise\" onerror=\"this.style.display='none'\"  \/>\n\t\t\t<a href=\"https:\/\/awards.dinacon.ch\/dinacon-awards-bewerbungen-2020\/\" target=\"_blank\" role=\"button\" rel=\"noopener\">\n\t\t\t\t\t\t\tC&#8217;\u00e9taient les candidats \u00e0 DINAcon 2020\n\t\t\t\t\t<\/a>\n\n","protected":false},"excerpt":{"rendered":"<p>Prix DINAcon Les Prix DINAcon r\u00e9compenseront des projets dans les 4 cat\u00e9gories suivantes en 2021 &#8220;Open Data&#8221; Award &#8220;Open Government&#8221; Award &#8220;Best Newcomer&#8221; Award &#8220;Open Community&#8221; Award . La participation est gratuite, les projets de toute l&#8217;Europe sont \u00e9ligibles. Cat\u00e9gories de r\u00e9compenses Nomination 2021 Le catalogue des projets finalistes du prix de cette ann\u00e9e est&hellip;<\/p>\n","protected":false},"author":6,"featured_media":0,"parent":0,"menu_order":0,"comment_status":"closed","ping_status":"closed","template":"","meta":{"_acf_changed":false,"footnotes":""},"class_list":["post-2419","page","type-page","status-publish","hentry"],"acf":[],"yoast_head":"<!-- This site is optimized with the Yoast SEO Premium plugin v22.2 (Yoast SEO v27.3) - https:\/\/yoast.com\/product\/yoast-seo-premium-wordpress\/ -->\n<title>Accueil &#060; DINAcon Awards<\/title>\n<meta name=\"robots\" content=\"index, follow, max-snippet:-1, max-image-preview:large, max-video-preview:-1\" \/>\n<link rel=\"canonical\" href=\"https:\/\/awards.dinacon.ch\/fr\/\" \/>\n<meta property=\"og:locale\" content=\"fr_FR\" \/>\n<meta property=\"og:type\" content=\"article\" \/>\n<meta property=\"og:title\" content=\"Accueil\" \/>\n<meta property=\"og:description\" content=\"Prix DINAcon Les Prix DINAcon r\u00e9compenseront des projets dans les 4 cat\u00e9gories suivantes en 2021 &#8220;Open Data&#8221; Award &#8220;Open Government&#8221; Award &#8220;Best Newcomer&#8221; Award &#8220;Open Community&#8221; Award . La participation est gratuite, les projets de toute l&#8217;Europe sont \u00e9ligibles. Cat\u00e9gories de r\u00e9compenses Nomination 2021 Le catalogue des projets finalistes du prix de cette ann\u00e9e est&hellip;\" \/>\n<meta property=\"og:url\" content=\"https:\/\/awards.dinacon.ch\/fr\/\" \/>\n<meta property=\"og:site_name\" content=\"DINAcon Awards\" \/>\n<meta property=\"article:modified_time\" content=\"2023-02-17T21:16:40+00:00\" \/>\n<meta property=\"og:image\" content=\"https:\/\/awards.dinacon.ch\/wp-content\/uploads\/sites\/7\/2019\/04\/DINAcon_awards_Preise.jpg\" \/>\n<meta name=\"twitter:card\" content=\"summary_large_image\" \/>\n<meta name=\"twitter:site\" content=\"@ch_open\" \/>\n<meta name=\"twitter:label1\" content=\"Dur\u00e9e de lecture estim\u00e9e\" \/>\n\t<meta name=\"twitter:data1\" content=\"2 minutes\" \/>\n<script type=\"application\/ld+json\" class=\"yoast-schema-graph\">{\"@context\":\"https:\\\/\\\/schema.org\",\"@graph\":[{\"@type\":\"WebPage\",\"@id\":\"https:\\\/\\\/awards.dinacon.ch\\\/fr\\\/\",\"url\":\"https:\\\/\\\/awards.dinacon.ch\\\/fr\\\/\",\"name\":\"Accueil &#060; DINAcon Awards\",\"isPartOf\":{\"@id\":\"https:\\\/\\\/awards.dinacon.ch\\\/#website\"},\"primaryImageOfPage\":{\"@id\":\"https:\\\/\\\/awards.dinacon.ch\\\/fr\\\/#primaryimage\"},\"image\":{\"@id\":\"https:\\\/\\\/awards.dinacon.ch\\\/fr\\\/#primaryimage\"},\"thumbnailUrl\":\"https:\\\/\\\/awards.dinacon.ch\\\/wp-content\\\/uploads\\\/sites\\\/7\\\/2019\\\/04\\\/DINAcon_awards_Preise.jpg\",\"datePublished\":\"2019-03-18T06:07:25+00:00\",\"dateModified\":\"2023-02-17T21:16:40+00:00\",\"breadcrumb\":{\"@id\":\"https:\\\/\\\/awards.dinacon.ch\\\/fr\\\/#breadcrumb\"},\"inLanguage\":\"fr-FR\",\"potentialAction\":[{\"@type\":\"ReadAction\",\"target\":[\"https:\\\/\\\/awards.dinacon.ch\\\/fr\\\/\"]}]},{\"@type\":\"ImageObject\",\"inLanguage\":\"fr-FR\",\"@id\":\"https:\\\/\\\/awards.dinacon.ch\\\/fr\\\/#primaryimage\",\"url\":\"https:\\\/\\\/awards.dinacon.ch\\\/wp-content\\\/uploads\\\/sites\\\/7\\\/2019\\\/04\\\/DINAcon_awards_Preise.jpg\",\"contentUrl\":\"https:\\\/\\\/awards.dinacon.ch\\\/wp-content\\\/uploads\\\/sites\\\/7\\\/2019\\\/04\\\/DINAcon_awards_Preise.jpg\"},{\"@type\":\"BreadcrumbList\",\"@id\":\"https:\\\/\\\/awards.dinacon.ch\\\/fr\\\/#breadcrumb\",\"itemListElement\":[{\"@type\":\"ListItem\",\"position\":1,\"name\":\"Home\",\"item\":\"https:\\\/\\\/awards.dinacon.ch\\\/fr\\\/\"},{\"@type\":\"ListItem\",\"position\":2,\"name\":\"Accueil\"}]},{\"@type\":\"WebSite\",\"@id\":\"https:\\\/\\\/awards.dinacon.ch\\\/#website\",\"url\":\"https:\\\/\\\/awards.dinacon.ch\\\/\",\"name\":\"DINAcon Awards\",\"description\":\"DINAcon Awards\",\"potentialAction\":[{\"@type\":\"SearchAction\",\"target\":{\"@type\":\"EntryPoint\",\"urlTemplate\":\"https:\\\/\\\/awards.dinacon.ch\\\/?s={search_term_string}\"},\"query-input\":{\"@type\":\"PropertyValueSpecification\",\"valueRequired\":true,\"valueName\":\"search_term_string\"}}],\"inLanguage\":\"fr-FR\"}]}<\/script>\n<!-- \/ Yoast SEO Premium plugin. -->","yoast_head_json":{"title":"Accueil &#060; DINAcon Awards","robots":{"index":"index","follow":"follow","max-snippet":"max-snippet:-1","max-image-preview":"max-image-preview:large","max-video-preview":"max-video-preview:-1"},"canonical":"https:\/\/awards.dinacon.ch\/fr\/","og_locale":"fr_FR","og_type":"article","og_title":"Accueil","og_description":"Prix DINAcon Les Prix DINAcon r\u00e9compenseront des projets dans les 4 cat\u00e9gories suivantes en 2021 &#8220;Open Data&#8221; Award &#8220;Open Government&#8221; Award &#8220;Best Newcomer&#8221; Award &#8220;Open Community&#8221; Award . La participation est gratuite, les projets de toute l&#8217;Europe sont \u00e9ligibles. Cat\u00e9gories de r\u00e9compenses Nomination 2021 Le catalogue des projets finalistes du prix de cette ann\u00e9e est&hellip;","og_url":"https:\/\/awards.dinacon.ch\/fr\/","og_site_name":"DINAcon Awards","article_modified_time":"2023-02-17T21:16:40+00:00","og_image":[{"url":"https:\/\/awards.dinacon.ch\/wp-content\/uploads\/sites\/7\/2019\/04\/DINAcon_awards_Preise.jpg","type":"","width":"","height":""}],"twitter_card":"summary_large_image","twitter_site":"@ch_open","twitter_misc":{"Dur\u00e9e de lecture estim\u00e9e":"2 minutes"},"schema":{"@context":"https:\/\/schema.org","@graph":[{"@type":"WebPage","@id":"https:\/\/awards.dinacon.ch\/fr\/","url":"https:\/\/awards.dinacon.ch\/fr\/","name":"Accueil &#060; DINAcon Awards","isPartOf":{"@id":"https:\/\/awards.dinacon.ch\/#website"},"primaryImageOfPage":{"@id":"https:\/\/awards.dinacon.ch\/fr\/#primaryimage"},"image":{"@id":"https:\/\/awards.dinacon.ch\/fr\/#primaryimage"},"thumbnailUrl":"https:\/\/awards.dinacon.ch\/wp-content\/uploads\/sites\/7\/2019\/04\/DINAcon_awards_Preise.jpg","datePublished":"2019-03-18T06:07:25+00:00","dateModified":"2023-02-17T21:16:40+00:00","breadcrumb":{"@id":"https:\/\/awards.dinacon.ch\/fr\/#breadcrumb"},"inLanguage":"fr-FR","potentialAction":[{"@type":"ReadAction","target":["https:\/\/awards.dinacon.ch\/fr\/"]}]},{"@type":"ImageObject","inLanguage":"fr-FR","@id":"https:\/\/awards.dinacon.ch\/fr\/#primaryimage","url":"https:\/\/awards.dinacon.ch\/wp-content\/uploads\/sites\/7\/2019\/04\/DINAcon_awards_Preise.jpg","contentUrl":"https:\/\/awards.dinacon.ch\/wp-content\/uploads\/sites\/7\/2019\/04\/DINAcon_awards_Preise.jpg"},{"@type":"BreadcrumbList","@id":"https:\/\/awards.dinacon.ch\/fr\/#breadcrumb","itemListElement":[{"@type":"ListItem","position":1,"name":"Home","item":"https:\/\/awards.dinacon.ch\/fr\/"},{"@type":"ListItem","position":2,"name":"Accueil"}]},{"@type":"WebSite","@id":"https:\/\/awards.dinacon.ch\/#website","url":"https:\/\/awards.dinacon.ch\/","name":"DINAcon Awards","description":"DINAcon Awards","potentialAction":[{"@type":"SearchAction","target":{"@type":"EntryPoint","urlTemplate":"https:\/\/awards.dinacon.ch\/?s={search_term_string}"},"query-input":{"@type":"PropertyValueSpecification","valueRequired":true,"valueName":"search_term_string"}}],"inLanguage":"fr-FR"}]}},"_links":{"self":[{"href":"https:\/\/awards.dinacon.ch\/fr\/wp-json\/wp\/v2\/pages\/2419","targetHints":{"allow":["GET"]}}],"collection":[{"href":"https:\/\/awards.dinacon.ch\/fr\/wp-json\/wp\/v2\/pages"}],"about":[{"href":"https:\/\/awards.dinacon.ch\/fr\/wp-json\/wp\/v2\/types\/page"}],"author":[{"embeddable":true,"href":"https:\/\/awards.dinacon.ch\/fr\/wp-json\/wp\/v2\/users\/6"}],"replies":[{"embeddable":true,"href":"https:\/\/awards.dinacon.ch\/fr\/wp-json\/wp\/v2\/comments?post=2419"}],"version-history":[{"count":3,"href":"https:\/\/awards.dinacon.ch\/fr\/wp-json\/wp\/v2\/pages\/2419\/revisions"}],"predecessor-version":[{"id":10200,"href":"https:\/\/awards.dinacon.ch\/fr\/wp-json\/wp\/v2\/pages\/2419\/revisions\/10200"}],"wp:attachment":[{"href":"https:\/\/awards.dinacon.ch\/fr\/wp-json\/wp\/v2\/media?parent=2419"}],"curies":[{"name":"wp","href":"https:\/\/api.w.org\/{rel}","templated":true}]}}