{"id":9544,"date":"2021-05-19T15:20:49","date_gmt":"2021-05-19T14:20:49","guid":{"rendered":"https:\/\/awards.dinacon.ch\/kontakt\/past-awards\/ch-open-source-awards-2015\/"},"modified":"2021-05-19T15:20:50","modified_gmt":"2021-05-19T14:20:50","slug":"ch-open-source-awards-2015","status":"publish","type":"page","link":"https:\/\/awards.dinacon.ch\/en\/kontakt\/past-awards\/ch-open-source-awards-2015\/","title":{"rendered":"CH Open Source Awards 2015"},"content":{"rendered":"\n<h2 class=\"wp-block-heading\">LeShop.ch, BLS und weitere Firmen setzen Open Source Software an Business-kritischen Stellen ein<\/h2>\n\n<p><strong>Das diesj\u00e4hrige Open Source Business Forum am Mittwoch, 28. Oktober 2015 in Bern zeigt die Vielfalt anhand von LeShop.ch, BLS und weiteren Firmen, wie Open Source Software heute in der Unternehmenswelt eingesetzt wird. Als H\u00f6hepunkt werden die Open Source Awards 2015 vergeben, dieses Mal auch mit dem IBM Open Source Education Award. Die 15 m\u00f6glichen Gewinner sind nun als Nominierte ver\u00f6ffentlicht, darunter auch Eingaben der Post und von Fachhochschulen.<\/strong><\/p>\n\n<p>Open Source Software ist in der Unternehmenswelt l\u00e4ngst eine Selbstverst\u00e4ndlichkeit. Dies zeigen die Kurzvortr\u00e4ge mit Beispielen bei LeShop.ch, BLS und weiteren Unternehmen am diesj\u00e4hrigen Open Source Business Forum am Mittwoch, 28. Oktober 2015 im Haus der Universit\u00e4t in Bern. Veranstalter des Anlasses sind die Swiss Open Systems User Group \/ch\/open, die Forschungsstelle Digitale Nachhaltigkeit der Universit\u00e4t Bern sowie die studer + raimann ag.<\/p>\n\n<p>Am Morgen des eint\u00e4gigen Anlasses pr\u00e4sentieren Fachleute, wie mit der Open Source Software ILIAS professionelle Wissens- und Lernmanagement L\u00f6sungen in der Verpackungsindustrie umgesetzt werden. Nach einem Grusswort von Dr. Adrian Haas, Direktor des Bernischen Handels- und Industrievereins und Grossrat FDP, folgen Beispiele zur Linux-Plattforml\u00f6sung bei LeShop.ch, einer neuen Mobile App basierend auf Open Source Technologien bei der BLS sowie weiteren Open Source Anwendungen in der Unternehmenswelt.<\/p>\n\n<p>Ein Technologie-Ausblick von Tesla Motors \u00fcber die Mobilit\u00e4t der Zukunft er\u00f6ffnet den H\u00f6hepunkt des Tages, die Verleihung der Open Source Awards 2015. Dazu hat die Jury unter anderem Leistungen der Berner Fachhochschule, der Fachhochschule Nordwestschweiz und educa.ch, der Schweizerischen Post und der Stadt Biel nominiert. Die vollst\u00e4ndige Liste der 15 Nominationen ist unten publiziert.<\/p>\n\n<p>Neu verleiht dieses Jahr IBM einen Open Source Education Award um besondere Aktivit\u00e4ten bez\u00fcglich Open Source Software im Bildungssektor zu honorieren. Die weiteren Sponsoren des Anlasses sind Adfinis SyGroup AG, Nine Internet Solutions AG, Puzzle ITC, SUSE und Red Hat. Dank deren Beitrag ist der gesamte Anlass kostenlos zug\u00e4nglich. Ab sofort k\u00f6nnen Gratis-Tickets f\u00fcr das gesamte Tagesprogramm oder auch nur f\u00fcr den Morgen oder den Nachmittag bestellt werden.<\/p>\n","protected":false},"excerpt":{"rendered":"<p>LeShop.ch, BLS und weitere Firmen setzen Open Source Software an Business-kritischen Stellen ein Das diesj\u00e4hrige Open Source Business Forum am Mittwoch, 28. Oktober 2015 in Bern zeigt die Vielfalt anhand von LeShop.ch, BLS und weiteren Firmen, wie Open Source Software heute in der Unternehmenswelt eingesetzt wird. Als H\u00f6hepunkt werden die Open Source Awards 2015 vergeben,&hellip;<\/p>\n","protected":false},"author":124,"featured_media":0,"parent":5423,"menu_order":0,"comment_status":"closed","ping_status":"closed","template":"","meta":{"_acf_changed":false,"footnotes":""},"class_list":["post-9544","page","type-page","status-publish","hentry"],"acf":[],"yoast_head":"<!-- This site is optimized with the Yoast SEO Premium plugin v22.2 (Yoast SEO v27.3) - https:\/\/yoast.com\/product\/yoast-seo-premium-wordpress\/ -->\n<title>CH Open Source Awards 2015 &#060; DINAcon Awards<\/title>\n<meta name=\"robots\" content=\"index, follow, max-snippet:-1, max-image-preview:large, max-video-preview:-1\" \/>\n<link rel=\"canonical\" href=\"https:\/\/awards.dinacon.ch\/en\/kontakt\/past-awards\/ch-open-source-awards-2015\/\" \/>\n<meta property=\"og:locale\" content=\"en_US\" \/>\n<meta property=\"og:type\" content=\"article\" \/>\n<meta property=\"og:title\" content=\"CH Open Source Awards 2015\" \/>\n<meta property=\"og:description\" content=\"LeShop.ch, BLS und weitere Firmen setzen Open Source Software an Business-kritischen Stellen ein Das diesj\u00e4hrige Open Source Business Forum am Mittwoch, 28. Oktober 2015 in Bern zeigt die Vielfalt anhand von LeShop.ch, BLS und weiteren Firmen, wie Open Source Software heute in der Unternehmenswelt eingesetzt wird. Als H\u00f6hepunkt werden die Open Source Awards 2015 vergeben,&hellip;\" \/>\n<meta property=\"og:url\" content=\"https:\/\/awards.dinacon.ch\/en\/kontakt\/past-awards\/ch-open-source-awards-2015\/\" \/>\n<meta property=\"og:site_name\" content=\"DINAcon Awards\" \/>\n<meta property=\"article:modified_time\" content=\"2021-05-19T14:20:50+00:00\" \/>\n<meta property=\"og:image\" content=\"https:\/\/awards.dinacon.ch\/wp-content\/uploads\/sites\/7\/2021\/09\/photo_2021-09-23_18-10-25.jpeg\" \/>\n\t<meta property=\"og:image:width\" content=\"1280\" \/>\n\t<meta property=\"og:image:height\" content=\"721\" \/>\n\t<meta property=\"og:image:type\" content=\"image\/jpeg\" \/>\n<meta name=\"twitter:card\" content=\"summary_large_image\" \/>\n<meta name=\"twitter:site\" content=\"@ch_open\" \/>\n<meta name=\"twitter:label1\" content=\"Est. reading time\" \/>\n\t<meta name=\"twitter:data1\" content=\"2 minutes\" \/>\n<script type=\"application\/ld+json\" class=\"yoast-schema-graph\">{\"@context\":\"https:\\\/\\\/schema.org\",\"@graph\":[{\"@type\":\"WebPage\",\"@id\":\"https:\\\/\\\/awards.dinacon.ch\\\/en\\\/kontakt\\\/past-awards\\\/ch-open-source-awards-2015\\\/\",\"url\":\"https:\\\/\\\/awards.dinacon.ch\\\/en\\\/kontakt\\\/past-awards\\\/ch-open-source-awards-2015\\\/\",\"name\":\"CH Open Source Awards 2015 &#060; DINAcon Awards\",\"isPartOf\":{\"@id\":\"https:\\\/\\\/awards.dinacon.ch\\\/#website\"},\"datePublished\":\"2021-05-19T14:20:49+00:00\",\"dateModified\":\"2021-05-19T14:20:50+00:00\",\"breadcrumb\":{\"@id\":\"https:\\\/\\\/awards.dinacon.ch\\\/en\\\/kontakt\\\/past-awards\\\/ch-open-source-awards-2015\\\/#breadcrumb\"},\"inLanguage\":\"en-US\",\"potentialAction\":[{\"@type\":\"ReadAction\",\"target\":[\"https:\\\/\\\/awards.dinacon.ch\\\/en\\\/kontakt\\\/past-awards\\\/ch-open-source-awards-2015\\\/\"]}]},{\"@type\":\"BreadcrumbList\",\"@id\":\"https:\\\/\\\/awards.dinacon.ch\\\/en\\\/kontakt\\\/past-awards\\\/ch-open-source-awards-2015\\\/#breadcrumb\",\"itemListElement\":[{\"@type\":\"ListItem\",\"position\":1,\"name\":\"Home\",\"item\":\"https:\\\/\\\/awards.dinacon.ch\\\/en\\\/\"},{\"@type\":\"ListItem\",\"position\":2,\"name\":\"About us\",\"item\":\"https:\\\/\\\/awards.dinacon.ch\\\/en\\\/kontakt\\\/\"},{\"@type\":\"ListItem\",\"position\":3,\"name\":\"Past Awards\",\"item\":\"https:\\\/\\\/awards.dinacon.ch\\\/en\\\/kontakt\\\/past-awards\\\/\"},{\"@type\":\"ListItem\",\"position\":4,\"name\":\"CH Open Source Awards 2015\"}]},{\"@type\":\"WebSite\",\"@id\":\"https:\\\/\\\/awards.dinacon.ch\\\/#website\",\"url\":\"https:\\\/\\\/awards.dinacon.ch\\\/\",\"name\":\"DINAcon Awards\",\"description\":\"DINAcon Awards\",\"potentialAction\":[{\"@type\":\"SearchAction\",\"target\":{\"@type\":\"EntryPoint\",\"urlTemplate\":\"https:\\\/\\\/awards.dinacon.ch\\\/?s={search_term_string}\"},\"query-input\":{\"@type\":\"PropertyValueSpecification\",\"valueRequired\":true,\"valueName\":\"search_term_string\"}}],\"inLanguage\":\"en-US\"}]}<\/script>\n<!-- \/ Yoast SEO Premium plugin. -->","yoast_head_json":{"title":"CH Open Source Awards 2015 &#060; DINAcon Awards","robots":{"index":"index","follow":"follow","max-snippet":"max-snippet:-1","max-image-preview":"max-image-preview:large","max-video-preview":"max-video-preview:-1"},"canonical":"https:\/\/awards.dinacon.ch\/en\/kontakt\/past-awards\/ch-open-source-awards-2015\/","og_locale":"en_US","og_type":"article","og_title":"CH Open Source Awards 2015","og_description":"LeShop.ch, BLS und weitere Firmen setzen Open Source Software an Business-kritischen Stellen ein Das diesj\u00e4hrige Open Source Business Forum am Mittwoch, 28. Oktober 2015 in Bern zeigt die Vielfalt anhand von LeShop.ch, BLS und weiteren Firmen, wie Open Source Software heute in der Unternehmenswelt eingesetzt wird. Als H\u00f6hepunkt werden die Open Source Awards 2015 vergeben,&hellip;","og_url":"https:\/\/awards.dinacon.ch\/en\/kontakt\/past-awards\/ch-open-source-awards-2015\/","og_site_name":"DINAcon Awards","article_modified_time":"2021-05-19T14:20:50+00:00","og_image":[{"width":1280,"height":721,"url":"https:\/\/awards.dinacon.ch\/wp-content\/uploads\/sites\/7\/2021\/09\/photo_2021-09-23_18-10-25.jpeg","type":"image\/jpeg"}],"twitter_card":"summary_large_image","twitter_site":"@ch_open","twitter_misc":{"Est. reading time":"2 minutes"},"schema":{"@context":"https:\/\/schema.org","@graph":[{"@type":"WebPage","@id":"https:\/\/awards.dinacon.ch\/en\/kontakt\/past-awards\/ch-open-source-awards-2015\/","url":"https:\/\/awards.dinacon.ch\/en\/kontakt\/past-awards\/ch-open-source-awards-2015\/","name":"CH Open Source Awards 2015 &#060; DINAcon Awards","isPartOf":{"@id":"https:\/\/awards.dinacon.ch\/#website"},"datePublished":"2021-05-19T14:20:49+00:00","dateModified":"2021-05-19T14:20:50+00:00","breadcrumb":{"@id":"https:\/\/awards.dinacon.ch\/en\/kontakt\/past-awards\/ch-open-source-awards-2015\/#breadcrumb"},"inLanguage":"en-US","potentialAction":[{"@type":"ReadAction","target":["https:\/\/awards.dinacon.ch\/en\/kontakt\/past-awards\/ch-open-source-awards-2015\/"]}]},{"@type":"BreadcrumbList","@id":"https:\/\/awards.dinacon.ch\/en\/kontakt\/past-awards\/ch-open-source-awards-2015\/#breadcrumb","itemListElement":[{"@type":"ListItem","position":1,"name":"Home","item":"https:\/\/awards.dinacon.ch\/en\/"},{"@type":"ListItem","position":2,"name":"About us","item":"https:\/\/awards.dinacon.ch\/en\/kontakt\/"},{"@type":"ListItem","position":3,"name":"Past Awards","item":"https:\/\/awards.dinacon.ch\/en\/kontakt\/past-awards\/"},{"@type":"ListItem","position":4,"name":"CH Open Source Awards 2015"}]},{"@type":"WebSite","@id":"https:\/\/awards.dinacon.ch\/#website","url":"https:\/\/awards.dinacon.ch\/","name":"DINAcon Awards","description":"DINAcon Awards","potentialAction":[{"@type":"SearchAction","target":{"@type":"EntryPoint","urlTemplate":"https:\/\/awards.dinacon.ch\/?s={search_term_string}"},"query-input":{"@type":"PropertyValueSpecification","valueRequired":true,"valueName":"search_term_string"}}],"inLanguage":"en-US"}]}},"_links":{"self":[{"href":"https:\/\/awards.dinacon.ch\/en\/wp-json\/wp\/v2\/pages\/9544","targetHints":{"allow":["GET"]}}],"collection":[{"href":"https:\/\/awards.dinacon.ch\/en\/wp-json\/wp\/v2\/pages"}],"about":[{"href":"https:\/\/awards.dinacon.ch\/en\/wp-json\/wp\/v2\/types\/page"}],"author":[{"embeddable":true,"href":"https:\/\/awards.dinacon.ch\/en\/wp-json\/wp\/v2\/users\/124"}],"replies":[{"embeddable":true,"href":"https:\/\/awards.dinacon.ch\/en\/wp-json\/wp\/v2\/comments?post=9544"}],"version-history":[{"count":1,"href":"https:\/\/awards.dinacon.ch\/en\/wp-json\/wp\/v2\/pages\/9544\/revisions"}],"predecessor-version":[{"id":9545,"href":"https:\/\/awards.dinacon.ch\/en\/wp-json\/wp\/v2\/pages\/9544\/revisions\/9545"}],"up":[{"embeddable":true,"href":"https:\/\/awards.dinacon.ch\/en\/wp-json\/wp\/v2\/pages\/5423"}],"wp:attachment":[{"href":"https:\/\/awards.dinacon.ch\/en\/wp-json\/wp\/v2\/media?parent=9544"}],"curies":[{"name":"wp","href":"https:\/\/api.w.org\/{rel}","templated":true}]}}